{"id":4641,"date":"2023-08-28T08:15:25","date_gmt":"2023-08-28T08:15:25","guid":{"rendered":"https:\/\/ivanabursac.com\/?page_id=4641"},"modified":"2025-04-14T13:58:43","modified_gmt":"2025-04-14T13:58:43","slug":"e-book-a1-2-nemacki","status":"publish","type":"page","link":"https:\/\/ivanabursac.com\/sr\/e-book-a1-2-nemacki\/","title":{"rendered":"E-book A1.2 Nema\u010dki"},"content":{"rendered":"<div data-elementor-type=\"wp-page\" data-elementor-id=\"4641\" class=\"elementor elementor-4641\" data-elementor-settings=\"{&quot;ha_cmc_init_switcher&quot;:&quot;no&quot;}\" data-elementor-post-type=\"page\">\n\t\t\t\t\t\t<section class=\"elementor-section elementor-top-section elementor-element elementor-element-6850ff4c elementor-section-boxed elementor-section-height-default elementor-section-height-default\" data-id=\"6850ff4c\" data-element_type=\"section\" data-e-type=\"section\" data-settings=\"{&quot;background_background&quot;:&quot;classic&quot;,&quot;_ha_eqh_enable&quot;:false}\">\n\t\t\t\t\t\t<div class=\"elementor-container elementor-column-gap-default\">\n\t\t\t\t\t<div class=\"elementor-column elementor-col-100 elementor-top-column elementor-element elementor-element-16ba8209\" data-id=\"16ba8209\" data-element_type=\"column\" data-e-type=\"column\">\n\t\t\t<div class=\"elementor-widget-wrap elementor-element-populated\">\n\t\t\t\t\t\t<div class=\"elementor-element elementor-element-6ba5b1f0 elementor-widget elementor-widget-spacer\" data-id=\"6ba5b1f0\" data-element_type=\"widget\" data-e-type=\"widget\" data-widget_type=\"spacer.default\">\n\t\t\t\t<div class=\"elementor-widget-container\">\n\t\t\t\t\t\t\t<div class=\"elementor-spacer\">\n\t\t\t<div class=\"elementor-spacer-inner\"><\/div>\n\t\t<\/div>\n\t\t\t\t\t\t<\/div>\n\t\t\t\t<\/div>\n\t\t\t\t<div class=\"elementor-element elementor-element-813fef6 elementor-widget elementor-widget-spacer\" data-id=\"813fef6\" data-element_type=\"widget\" data-e-type=\"widget\" data-widget_type=\"spacer.default\">\n\t\t\t\t<div class=\"elementor-widget-container\">\n\t\t\t\t\t\t\t<div class=\"elementor-spacer\">\n\t\t\t<div class=\"elementor-spacer-inner\"><\/div>\n\t\t<\/div>\n\t\t\t\t\t\t<\/div>\n\t\t\t\t<\/div>\n\t\t\t\t<div class=\"elementor-element elementor-element-ebe2e79 elementor-widget elementor-widget-heading\" data-id=\"ebe2e79\" data-element_type=\"widget\" data-e-type=\"widget\" data-widget_type=\"heading.default\">\n\t\t\t\t<div class=\"elementor-widget-container\">\n\t\t\t\t\t<h2 class=\"elementor-heading-title elementor-size-default\">E-book A1.2<\/h2>\t\t\t\t<\/div>\n\t\t\t\t<\/div>\n\t\t\t\t<div class=\"elementor-element elementor-element-136062ae elementor-widget elementor-widget-heading\" data-id=\"136062ae\" data-element_type=\"widget\" data-e-type=\"widget\" data-widget_type=\"heading.default\">\n\t\t\t\t<div class=\"elementor-widget-container\">\n\t\t\t\t\t<h3 class=\"elementor-heading-title elementor-size-default\">Knjiga za samostalno u\u010denje<br>A1.2 nivoa nema\u010dkog jezika<\/h3>\t\t\t\t<\/div>\n\t\t\t\t<\/div>\n\t\t\t\t<div class=\"elementor-element elementor-element-618cc38b elementor-align-center elementor-widget elementor-widget-button\" data-id=\"618cc38b\" data-element_type=\"widget\" data-e-type=\"widget\" data-widget_type=\"button.default\">\n\t\t\t\t<div class=\"elementor-widget-container\">\n\t\t\t\t\t\t\t\t\t<div class=\"elementor-button-wrapper\">\n\t\t\t\t\t<a class=\"elementor-button elementor-button-link elementor-size-sm\" href=\"https:\/\/ivanabursac.com\/sr\/?add-to-cart=4969\">\n\t\t\t\t\t\t<span class=\"elementor-button-content-wrapper\">\n\t\t\t\t\t\t\t\t\t<span class=\"elementor-button-text\">Kupi ebook za 25\u20ac<\/span>\n\t\t\t\t\t<\/span>\n\t\t\t\t\t<\/a>\n\t\t\t\t<\/div>\n\t\t\t\t\t\t\t\t<\/div>\n\t\t\t\t<\/div>\n\t\t\t\t\t<\/div>\n\t\t<\/div>\n\t\t\t\t\t<\/div>\n\t\t<\/section>\n\t\t\t\t<section class=\"elementor-section elementor-top-section elementor-element elementor-element-35fa7e8e elementor-section-boxed elementor-section-height-default elementor-section-height-default\" data-id=\"35fa7e8e\" data-element_type=\"section\" data-e-type=\"section\" data-settings=\"{&quot;_ha_eqh_enable&quot;:false}\">\n\t\t\t\t\t\t<div class=\"elementor-container elementor-column-gap-default\">\n\t\t\t\t\t<div class=\"elementor-column elementor-col-100 elementor-top-column elementor-element elementor-element-7f553ab9\" data-id=\"7f553ab9\" data-element_type=\"column\" data-e-type=\"column\">\n\t\t\t<div class=\"elementor-widget-wrap elementor-element-populated\">\n\t\t\t\t\t\t<div class=\"elementor-element elementor-element-1915e49 elementor-widget elementor-widget-video\" data-id=\"1915e49\" data-element_type=\"widget\" data-e-type=\"widget\" data-settings=\"{&quot;youtube_url&quot;:&quot;https:\\\/\\\/youtu.be\\\/ljWDLKa-mfo&quot;,&quot;autoplay&quot;:&quot;yes&quot;,&quot;play_on_mobile&quot;:&quot;yes&quot;,&quot;video_type&quot;:&quot;youtube&quot;,&quot;controls&quot;:&quot;yes&quot;}\" data-widget_type=\"video.default\">\n\t\t\t\t<div class=\"elementor-widget-container\">\n\t\t\t\t\t\t\t<div class=\"elementor-wrapper elementor-open-inline\">\n\t\t\t<div class=\"elementor-video\"><\/div>\t\t<\/div>\n\t\t\t\t\t\t<\/div>\n\t\t\t\t<\/div>\n\t\t\t\t<div class=\"elementor-element elementor-element-7e09c543 elementor-widget elementor-widget-text-editor\" data-id=\"7e09c543\" data-element_type=\"widget\" data-e-type=\"widget\" data-widget_type=\"text-editor.default\">\n\t\t\t\t<div class=\"elementor-widget-container\">\n\t\t\t\t\t\t\t\t\t<p>E-book je knjiga u elektronskom formatu namenjena polaznicima koji su zavr\u0161ili A1.1 nivo.<\/p>\n<p><br><\/p>\n<p>Ud\u017ebenici nema\u010dkog jezika su napravljeni za u\u010denje sa profesorom, zato kad uzme\u0161 bilo koji ud\u017ebenik ne mo\u017ee\u0161 da se sna\u0111e\u0161 sam, jer ti fali obja\u0161njenje. Ako proba\u0161 sam da u\u010di\u0161 bez bilo kakve knjige, ne zna\u0161 kako da prona\u0111e\u0161 materijale, ne ume\u0161 da napravi\u0161 raspored lekcija i ne zna\u0161 ni kako da u\u010di\u0161 re\u010di ni gramatiku.<\/p>\n<p>Dolazi\u0161 u situaciju da se ose\u0107a\u0161 frustrirano i da misli\u0161 da si izgubio mnogo vremena ni na \u0161ta.<\/p>\n<p><br><\/p>\n<p>Sa ovom knjigom je druga\u010dije.<\/p>\n<p><br><\/p>\n<p><b>Ovo je najkompletnija knjiga za A1.2 nivo koja je napravljena za samostalno u\u010denje, bez profesora.<\/b><\/p>\n<p><b><br><\/b><\/p>\n<p>U knjizi je ceo A1.2 nivo obja\u0161njen na veoma jednostavan i svima razumljiv na\u010din.<\/p>\n<p>Kurs je napravljen tako da te u\u010di kako da koristi\u0161 jezik od samog po\u010detka, bez bubanja gramatike i deklamovanja tabela.<\/p>\n<p><br><\/p>\n<p><b>U 7 jednostavnih lekcija savlada\u0107e\u0161 A1.2 nivo nema\u010dkog jezika, ali \u0107e\u0161 umeti da pri\u010da\u0161 i da sastavlja\u0161 re\u010denice ve\u0107 od prvog \u010dasa.<\/b><\/p>\n<p><b><br><\/b><\/p>\n<h3 data-start=\"1290\" data-end=\"1339\"><strong data-start=\"1294\" data-end=\"1339\">Za\u0161to je ovaj e-book prava stvar za tebe?<\/strong><\/h3>\n<p data-start=\"1341\" data-end=\"1880\">\u2705 <strong data-start=\"1343\" data-end=\"1370\">Nastavak gde si stao\/la<\/strong> \u2013 Ako si ve\u0107 pro\u0161ao\/la A1.1, sada ide\u0161 korak dalje i zatvara\u0161 ceo <strong data-start=\"1437\" data-end=\"1448\">A1 nivo<\/strong>.<br data-start=\"1449\" data-end=\"1452\">\u2705 <strong data-start=\"1454\" data-end=\"1487\">Prakti\u010dno i jasno obja\u0161njenje<\/strong> \u2013 Bez suvi\u0161nih komplikacija, sve je obja\u0161njeno jednostavno i razumljivo.<br data-start=\"1560\" data-end=\"1563\">\u2705 <strong data-start=\"1565\" data-end=\"1582\">Bez \u0161trebanja<\/strong> \u2013 U\u010di\u0161 kroz primere, razgovore i konkretne situacije, ne kroz dosadne tabele.<br data-start=\"1660\" data-end=\"1663\">\u2705 <strong data-start=\"1665\" data-end=\"1691\">Postepeno napredovanje<\/strong> \u2013 Kroz 7 lekcija do savladavanja svih osnova nema\u010dkog jezika.<br data-start=\"1753\" data-end=\"1756\">\u2705 <strong data-start=\"1758\" data-end=\"1782\">Podr\u0161ka i motivacija<\/strong> \u2013 Tu sam za sva pitanja i nedoumice<\/p>\n<p data-start=\"1341\" data-end=\"1880\"><br><\/p>\n<hr data-start=\"1882\" data-end=\"1885\">\n<h3 data-start=\"1887\" data-end=\"1925\"><strong data-start=\"1891\" data-end=\"1925\"><br><\/strong><\/h3><h3 data-start=\"1887\" data-end=\"1925\"><strong data-start=\"1891\" data-end=\"1925\">\u0160ta dobija\u0161 kada kupi\u0161 e-book?<\/strong><\/h3>\n<p><\/p>\n<p data-start=\"1927\" data-end=\"2261\">\ud83d\udcd8 <strong data-start=\"1930\" data-end=\"1971\">7 lekcija koje te vode kroz A1.2 nivo<\/strong><br data-start=\"1971\" data-end=\"1974\">\ud83d\udcd8 <strong data-start=\"1977\" data-end=\"2003\">Pristup e-booku zauvek<\/strong> \u2013 uvek \u0107e\u0161 mo\u0107i da se vrati\u0161 i ponovi\u0161 gradivo.<br data-start=\"2152\" data-end=\"2155\">\ud83d\udcec <strong data-start=\"2158\" data-end=\"2187\">Podr\u0161ku u svakom trenutku<\/strong> \u2013 slobodno mi pi\u0161i na <strong data-start=\"2210\" data-end=\"2235\"><a data-start=\"2212\" data-end=\"2233\" rel=\"noopener\">ivana@ivanabursac.com<\/a><\/strong> kad god ti ne\u0161to zatreba.<\/p>\t\t\t\t\t\t\t\t<\/div>\n\t\t\t\t<\/div>\n\t\t\t\t\t<\/div>\n\t\t<\/div>\n\t\t\t\t\t<\/div>\n\t\t<\/section>\n\t\t\t\t<section class=\"elementor-section elementor-top-section elementor-element elementor-element-741716a5 elementor-section-boxed elementor-section-height-default elementor-section-height-default\" data-id=\"741716a5\" data-element_type=\"section\" data-e-type=\"section\" data-settings=\"{&quot;_ha_eqh_enable&quot;:false}\">\n\t\t\t\t\t\t\t<div class=\"elementor-background-overlay\"><\/div>\n\t\t\t\t\t\t\t<div class=\"elementor-container elementor-column-gap-default\">\n\t\t\t\t\t<div class=\"elementor-column elementor-col-100 elementor-top-column elementor-element elementor-element-5c9ce696\" data-id=\"5c9ce696\" data-element_type=\"column\" data-e-type=\"column\">\n\t\t\t<div class=\"elementor-widget-wrap\">\n\t\t\t\t\t\t\t<\/div>\n\t\t<\/div>\n\t\t\t\t\t<\/div>\n\t\t<\/section>\n\t\t\t\t<section class=\"elementor-section elementor-top-section elementor-element elementor-element-8b0b0cf elementor-section-boxed elementor-section-height-default elementor-section-height-default\" data-id=\"8b0b0cf\" data-element_type=\"section\" data-e-type=\"section\" data-settings=\"{&quot;_ha_eqh_enable&quot;:false}\">\n\t\t\t\t\t\t<div class=\"elementor-container elementor-column-gap-default\">\n\t\t\t\t\t<div class=\"elementor-column elementor-col-50 elementor-top-column elementor-element elementor-element-63c4f75\" data-id=\"63c4f75\" data-element_type=\"column\" data-e-type=\"column\">\n\t\t\t<div class=\"elementor-widget-wrap elementor-element-populated\">\n\t\t\t\t\t\t<div class=\"elementor-element elementor-element-2cde1e33 elementor-widget elementor-widget-heading\" data-id=\"2cde1e33\" data-element_type=\"widget\" data-e-type=\"widget\" data-widget_type=\"heading.default\">\n\t\t\t\t<div class=\"elementor-widget-container\">\n\t\t\t\t\t<h2 class=\"elementor-heading-title elementor-size-default\">Predava\u010d<\/h2>\t\t\t\t<\/div>\n\t\t\t\t<\/div>\n\t\t\t\t<div class=\"elementor-element elementor-element-488b2ca5 elementor-widget__width-initial elementor-widget elementor-widget-image\" data-id=\"488b2ca5\" data-element_type=\"widget\" data-e-type=\"widget\" data-widget_type=\"image.default\">\n\t\t\t\t<div class=\"elementor-widget-container\">\n\t\t\t\t\t\t\t\t\t\t\t\t\t\t\t<img fetchpriority=\"high\" decoding=\"async\" width=\"300\" height=\"300\" src=\"https:\/\/ivanabursac.com\/wp-content\/uploads\/2023\/08\/Untitled-design-8-300x300.png\" class=\"attachment-medium size-medium wp-image-4605\" alt=\"\" srcset=\"https:\/\/ivanabursac.com\/wp-content\/uploads\/2023\/08\/Untitled-design-8-300x300.png 300w, https:\/\/ivanabursac.com\/wp-content\/uploads\/2023\/08\/Untitled-design-8-100x100.png 100w, https:\/\/ivanabursac.com\/wp-content\/uploads\/2023\/08\/Untitled-design-8-600x600.png 600w, https:\/\/ivanabursac.com\/wp-content\/uploads\/2023\/08\/Untitled-design-8-150x150.png 150w, https:\/\/ivanabursac.com\/wp-content\/uploads\/2023\/08\/Untitled-design-8-768x768.png 768w, https:\/\/ivanabursac.com\/wp-content\/uploads\/2023\/08\/Untitled-design-8.png 800w\" sizes=\"(max-width: 300px) 100vw, 300px\" \/>\t\t\t\t\t\t\t\t\t\t\t\t\t\t\t<\/div>\n\t\t\t\t<\/div>\n\t\t\t\t<div class=\"elementor-element elementor-element-10173b0d elementor-widget elementor-widget-heading\" data-id=\"10173b0d\" data-element_type=\"widget\" data-e-type=\"widget\" data-widget_type=\"heading.default\">\n\t\t\t\t<div class=\"elementor-widget-container\">\n\t\t\t\t\t<h2 class=\"elementor-heading-title elementor-size-default\">Ivana Bursa\u0107<\/h2>\t\t\t\t<\/div>\n\t\t\t\t<\/div>\n\t\t\t\t\t<\/div>\n\t\t<\/div>\n\t\t\t\t<div class=\"elementor-column elementor-col-50 elementor-top-column elementor-element elementor-element-63541312\" data-id=\"63541312\" data-element_type=\"column\" data-e-type=\"column\">\n\t\t\t<div class=\"elementor-widget-wrap elementor-element-populated\">\n\t\t\t\t\t\t<div class=\"elementor-element elementor-element-3c18683 elementor-widget__width-initial elementor-widget elementor-widget-text-editor\" data-id=\"3c18683\" data-element_type=\"widget\" data-e-type=\"widget\" data-widget_type=\"text-editor.default\">\n\t\t\t\t<div class=\"elementor-widget-container\">\n\t\t\t\t\t\t\t\t\t<p>Moje ime je Ivana Bursa\u0107, profesor sam nema\u010dkog jezika od 2011. godine. Filolo\u0161ki fakultet sam zavr\u0161ila u Beogradu, kao i master studije. Celog \u017eivota sam znala i \u017eelela da poma\u017eem ljudima da lak\u0161e savladaju nema\u010dki. Zbog toga sa sigurno\u0161\u0107u mogu da ka\u017eem da sam prona\u0161la najefikasniji metod u\u010denja koji uz najmanje napora daje najbolje rezultate.<\/p>\n<p>Od 2013. godine vodim \u0161kolu stranih jezika Mogi, u kojoj sam zajedno sa timom stru\u010dnjaka formirala jedinstvenu Mogi metodu uz koju je u\u010denje lako i zabavno i koja na savremen na\u010din podu\u010dava strane jezike odvajaju\u0107i bitno od nebitnog i koriste\u0107i sve date resurse koje na\u0161 mozak poseduje.<\/p>\t\t\t\t\t\t\t\t<\/div>\n\t\t\t\t<\/div>\n\t\t\t\t\t<\/div>\n\t\t<\/div>\n\t\t\t\t\t<\/div>\n\t\t<\/section>\n\t\t\t\t<section class=\"elementor-section elementor-top-section elementor-element elementor-element-2a577e1a elementor-section-boxed elementor-section-height-default elementor-section-height-default\" data-id=\"2a577e1a\" data-element_type=\"section\" data-e-type=\"section\" data-settings=\"{&quot;_ha_eqh_enable&quot;:false}\">\n\t\t\t\t\t\t\t<div class=\"elementor-background-overlay\"><\/div>\n\t\t\t\t\t\t\t<div class=\"elementor-container elementor-column-gap-default\">\n\t\t\t\t\t<div class=\"elementor-column elementor-col-100 elementor-top-column elementor-element elementor-element-6cb06fd0\" data-id=\"6cb06fd0\" data-element_type=\"column\" data-e-type=\"column\">\n\t\t\t<div class=\"elementor-widget-wrap elementor-element-populated\">\n\t\t\t\t\t\t<div class=\"elementor-element elementor-element-628028ae elementor-widget elementor-widget-heading\" data-id=\"628028ae\" data-element_type=\"widget\" data-e-type=\"widget\" data-widget_type=\"heading.default\">\n\t\t\t\t<div class=\"elementor-widget-container\">\n\t\t\t\t\t<h2 class=\"elementor-heading-title elementor-size-default\">Po\u010dni odmah<\/h2>\t\t\t\t<\/div>\n\t\t\t\t<\/div>\n\t\t\t\t<section class=\"elementor-section elementor-inner-section elementor-element elementor-element-6e91176 elementor-section-boxed elementor-section-height-default elementor-section-height-default\" data-id=\"6e91176\" data-element_type=\"section\" data-e-type=\"section\" data-settings=\"{&quot;_ha_eqh_enable&quot;:false}\">\n\t\t\t\t\t\t\t<div class=\"elementor-background-overlay\"><\/div>\n\t\t\t\t\t\t\t<div class=\"elementor-container elementor-column-gap-default\">\n\t\t\t\t\t<div class=\"elementor-column elementor-col-100 elementor-inner-column elementor-element elementor-element-6728beb4\" data-id=\"6728beb4\" data-element_type=\"column\" data-e-type=\"column\">\n\t\t\t<div class=\"elementor-widget-wrap elementor-element-populated\">\n\t\t\t\t\t\t<div class=\"elementor-element elementor-element-58a75504 elementor-align-center elementor-widget elementor-widget-button\" data-id=\"58a75504\" data-element_type=\"widget\" data-e-type=\"widget\" data-widget_type=\"button.default\">\n\t\t\t\t<div class=\"elementor-widget-container\">\n\t\t\t\t\t\t\t\t\t<div class=\"elementor-button-wrapper\">\n\t\t\t\t\t<a class=\"elementor-button elementor-button-link elementor-size-sm\" href=\"https:\/\/ivanabursac.com\/sr\/?add-to-cart=4969\">\n\t\t\t\t\t\t<span class=\"elementor-button-content-wrapper\">\n\t\t\t\t\t\t\t\t\t<span class=\"elementor-button-text\">Kupi ebook za 25\u20ac<\/span>\n\t\t\t\t\t<\/span>\n\t\t\t\t\t<\/a>\n\t\t\t\t<\/div>\n\t\t\t\t\t\t\t\t<\/div>\n\t\t\t\t<\/div>\n\t\t\t\t\t<\/div>\n\t\t<\/div>\n\t\t\t\t\t<\/div>\n\t\t<\/section>\n\t\t\t\t\t<\/div>\n\t\t<\/div>\n\t\t\t\t\t<\/div>\n\t\t<\/section>\n\t\t\t\t<\/div>","protected":false},"excerpt":{"rendered":"<p>E-book A1.2 Knjiga za samostalno u\u010denjeA1.2 nivoa nema\u010dkog jezika Kupi ebook za 25\u20ac https:\/\/youtu.be\/ljWDLKa-mfo E-book je knjiga u elektronskom formatu namenjena polaznicima koji su zavr\u0161ili A1.1 nivo. Ud\u017ebenici nema\u010dkog jezika su napravljeni za u\u010denje sa profesorom, zato kad uzme\u0161 bilo koji ud\u017ebenik ne mo\u017ee\u0161 da se sna\u0111e\u0161 sam, jer ti fali obja\u0161njenje. Ako proba\u0161 sam [&hellip;]<\/p>\n","protected":false},"author":1,"featured_media":0,"parent":0,"menu_order":0,"comment_status":"closed","ping_status":"closed","template":"","meta":{"site-sidebar-layout":"no-sidebar","site-content-layout":"page-builder","ast-site-content-layout":"default","site-content-style":"default","site-sidebar-style":"default","ast-global-header-display":"","ast-banner-title-visibility":"","ast-main-header-display":"","ast-hfb-above-header-display":"","ast-hfb-below-header-display":"","ast-hfb-mobile-header-display":"","site-post-title":"disabled","ast-breadcrumbs-content":"","ast-featured-img":"disabled","footer-sml-layout":"","ast-disable-related-posts":"","theme-transparent-header-meta":"","adv-header-id-meta":"","stick-header-meta":"","header-above-stick-meta":"","header-main-stick-meta":"","header-below-stick-meta":"","astra-migrate-meta-layouts":"default","ast-page-background-enabled":"default","ast-page-background-meta":{"desktop":{"background-color":"var(--ast-global-color-4)","background-image":"","background-repeat":"repeat","background-position":"center center","background-size":"auto","background-attachment":"scroll","background-type":"","background-media":"","overlay-type":"","overlay-color":"","overlay-opacity":"","overlay-gradient":""},"tablet":{"background-color":"","background-image":"","background-repeat":"repeat","background-position":"center center","background-size":"auto","background-attachment":"scroll","background-type":"","background-media":"","overlay-type":"","overlay-color":"","overlay-opacity":"","overlay-gradient":""},"mobile":{"background-color":"","background-image":"","background-repeat":"repeat","background-position":"center center","background-size":"auto","background-attachment":"scroll","background-type":"","background-media":"","overlay-type":"","overlay-color":"","overlay-opacity":"","overlay-gradient":""}},"ast-content-background-meta":{"desktop":{"background-color":"var(--ast-global-color-5)","background-image":"","background-repeat":"repeat","background-position":"center center","background-size":"auto","background-attachment":"scroll","background-type":"","background-media":"","overlay-type":"","overlay-color":"","overlay-opacity":"","overlay-gradient":""},"tablet":{"background-color":"var(--ast-global-color-5)","background-image":"","background-repeat":"repeat","background-position":"center center","background-size":"auto","background-attachment":"scroll","background-type":"","background-media":"","overlay-type":"","overlay-color":"","overlay-opacity":"","overlay-gradient":""},"mobile":{"background-color":"var(--ast-global-color-5)","background-image":"","background-repeat":"repeat","background-position":"center center","background-size":"auto","background-attachment":"scroll","background-type":"","background-media":"","overlay-type":"","overlay-color":"","overlay-opacity":"","overlay-gradient":""}},"footnotes":""},"class_list":["post-4641","page","type-page","status-publish","hentry"],"_links":{"self":[{"href":"https:\/\/ivanabursac.com\/sr\/wp-json\/wp\/v2\/pages\/4641","targetHints":{"allow":["GET"]}}],"collection":[{"href":"https:\/\/ivanabursac.com\/sr\/wp-json\/wp\/v2\/pages"}],"about":[{"href":"https:\/\/ivanabursac.com\/sr\/wp-json\/wp\/v2\/types\/page"}],"author":[{"embeddable":true,"href":"https:\/\/ivanabursac.com\/sr\/wp-json\/wp\/v2\/users\/1"}],"replies":[{"embeddable":true,"href":"https:\/\/ivanabursac.com\/sr\/wp-json\/wp\/v2\/comments?post=4641"}],"version-history":[{"count":68,"href":"https:\/\/ivanabursac.com\/sr\/wp-json\/wp\/v2\/pages\/4641\/revisions"}],"predecessor-version":[{"id":9938,"href":"https:\/\/ivanabursac.com\/sr\/wp-json\/wp\/v2\/pages\/4641\/revisions\/9938"}],"wp:attachment":[{"href":"https:\/\/ivanabursac.com\/sr\/wp-json\/wp\/v2\/media?parent=4641"}],"curies":[{"name":"wp","href":"https:\/\/api.w.org\/{rel}","templated":true}]}}