{"id":4697,"date":"2023-08-28T12:37:22","date_gmt":"2023-08-28T12:37:22","guid":{"rendered":"https:\/\/ivanabursac.com\/?page_id=4697"},"modified":"2025-04-14T13:48:09","modified_gmt":"2025-04-14T13:48:09","slug":"recnik-za-pflege-ispit","status":"publish","type":"page","link":"https:\/\/ivanabursac.com\/sr\/recnik-za-pflege-ispit\/","title":{"rendered":"Re\u010dnik za Pflege ispit"},"content":{"rendered":"<div data-elementor-type=\"wp-page\" data-elementor-id=\"4697\" class=\"elementor elementor-4697\" data-elementor-settings=\"{&quot;ha_cmc_init_switcher&quot;:&quot;no&quot;}\" data-elementor-post-type=\"page\">\n\t\t\t\t\t\t<section class=\"elementor-section elementor-top-section elementor-element elementor-element-3ac52430 elementor-section-boxed elementor-section-height-default elementor-section-height-default\" data-id=\"3ac52430\" data-element_type=\"section\" data-e-type=\"section\" data-settings=\"{&quot;background_background&quot;:&quot;classic&quot;,&quot;_ha_eqh_enable&quot;:false}\">\n\t\t\t\t\t\t<div class=\"elementor-container elementor-column-gap-default\">\n\t\t\t\t\t<div class=\"elementor-column elementor-col-100 elementor-top-column elementor-element elementor-element-1cc08712\" data-id=\"1cc08712\" data-element_type=\"column\" data-e-type=\"column\">\n\t\t\t<div class=\"elementor-widget-wrap elementor-element-populated\">\n\t\t\t\t\t\t<div class=\"elementor-element elementor-element-571967c0 elementor-widget elementor-widget-spacer\" data-id=\"571967c0\" data-element_type=\"widget\" data-e-type=\"widget\" data-widget_type=\"spacer.default\">\n\t\t\t\t<div class=\"elementor-widget-container\">\n\t\t\t\t\t\t\t<div class=\"elementor-spacer\">\n\t\t\t<div class=\"elementor-spacer-inner\"><\/div>\n\t\t<\/div>\n\t\t\t\t\t\t<\/div>\n\t\t\t\t<\/div>\n\t\t\t\t<div class=\"elementor-element elementor-element-6de693a5 elementor-widget elementor-widget-spacer\" data-id=\"6de693a5\" data-element_type=\"widget\" data-e-type=\"widget\" data-widget_type=\"spacer.default\">\n\t\t\t\t<div class=\"elementor-widget-container\">\n\t\t\t\t\t\t\t<div class=\"elementor-spacer\">\n\t\t\t<div class=\"elementor-spacer-inner\"><\/div>\n\t\t<\/div>\n\t\t\t\t\t\t<\/div>\n\t\t\t\t<\/div>\n\t\t\t\t<div class=\"elementor-element elementor-element-4d373d20 elementor-widget elementor-widget-heading\" data-id=\"4d373d20\" data-element_type=\"widget\" data-e-type=\"widget\" data-widget_type=\"heading.default\">\n\t\t\t\t<div class=\"elementor-widget-container\">\n\t\t\t\t\t<h2 class=\"elementor-heading-title elementor-size-default\">Re\u010dnik za Pflege ispit<\/h2>\t\t\t\t<\/div>\n\t\t\t\t<\/div>\n\t\t\t\t<div class=\"elementor-element elementor-element-4ad84b8e elementor-widget elementor-widget-heading\" data-id=\"4ad84b8e\" data-element_type=\"widget\" data-e-type=\"widget\" data-widget_type=\"heading.default\">\n\t\t\t\t<div class=\"elementor-widget-container\">\n\t\t\t\t\t<h3 class=\"elementor-heading-title elementor-size-default\">Zvani\u010dni re\u010dnik za telc Pflege ispit<\/h3>\t\t\t\t<\/div>\n\t\t\t\t<\/div>\n\t\t\t\t<div class=\"elementor-element elementor-element-11e687f9 elementor-align-center elementor-widget elementor-widget-button\" data-id=\"11e687f9\" data-element_type=\"widget\" data-e-type=\"widget\" data-widget_type=\"button.default\">\n\t\t\t\t<div class=\"elementor-widget-container\">\n\t\t\t\t\t\t\t\t\t<div class=\"elementor-button-wrapper\">\n\t\t\t\t\t<a class=\"elementor-button elementor-button-link elementor-size-sm\" href=\"https:\/\/ivanabursac.com\/sr\/?add-to-cart=4976\">\n\t\t\t\t\t\t<span class=\"elementor-button-content-wrapper\">\n\t\t\t\t\t\t\t\t\t<span class=\"elementor-button-text\">Kupi knjigu za 50\u20ac<\/span>\n\t\t\t\t\t<\/span>\n\t\t\t\t\t<\/a>\n\t\t\t\t<\/div>\n\t\t\t\t\t\t\t\t<\/div>\n\t\t\t\t<\/div>\n\t\t\t\t\t<\/div>\n\t\t<\/div>\n\t\t\t\t\t<\/div>\n\t\t<\/section>\n\t\t\t\t<section class=\"elementor-section elementor-top-section elementor-element elementor-element-434afe5c elementor-section-boxed elementor-section-height-default elementor-section-height-default\" data-id=\"434afe5c\" data-element_type=\"section\" data-e-type=\"section\" data-settings=\"{&quot;_ha_eqh_enable&quot;:false}\">\n\t\t\t\t\t\t<div class=\"elementor-container elementor-column-gap-default\">\n\t\t\t\t\t<div class=\"elementor-column elementor-col-100 elementor-top-column elementor-element elementor-element-1626f92b\" data-id=\"1626f92b\" data-element_type=\"column\" data-e-type=\"column\">\n\t\t\t<div class=\"elementor-widget-wrap elementor-element-populated\">\n\t\t\t\t\t\t<div class=\"elementor-element elementor-element-72bd33bf elementor-widget elementor-widget-text-editor\" data-id=\"72bd33bf\" data-element_type=\"widget\" data-e-type=\"widget\" data-widget_type=\"text-editor.default\">\n\t\t\t\t<div class=\"elementor-widget-container\">\n\t\t\t\t\t\t\t\t\t<p>Kona\u010dno je tu ne\u0161to \u0161to \u0107e ti olak\u0161ati u\u010denje re\u010di za Pflege ispit.<\/p>\n<p><\/p>\n<p>Zvani\u010dni telcov re\u010dnik mo\u017ee\u0161 da prona\u0111e\u0161 u knji\u017earama, mo\u017eda \u010dak i online besplatno.<\/p>\n<p>Ali muka je to sve prevesti i razumeti kako bi mogla da nau\u010di\u0161.<\/p>\n<p><\/p>\n<p>Zato smo mi to uradili za tebe.<\/p>\n<p><\/p>\n<p><strong>Preko 50 strana re\u010di koje su prema telcu potrebne za polaganje Pflege ispita, prevedene na srpski.<\/strong><\/p>\n<p><strong>&nbsp;<\/strong><\/p>\n<p>Pflege ispit je &#8220;vokabularni&#8221; ispit, za njega u\u010di\u0161 kada si ve\u0107 savladala B1 nivo, pa ti je gramatika ve\u0107 poznata.<\/p>\n<p>Potrebne su ti samo re\u010di, samo medicinska terminologija koja se pojavljuje na ispitu.<\/p>\n<p><\/p>\n<p><strong>Ovaj re\u010dnik \u0107e ti u\u0161tedeti gomilu vremena i novca koje bi potro\u0161ila na profesora koji ti prevodi re\u010di.<\/strong><\/p>\n<p><strong>&nbsp;<\/strong><\/p>\n<p>Ova knjiga \u0107e ti pomo\u0107i \u010dak i ako ne \u017eeli\u0161 da pola\u017ee\u0161 Pflege, ve\u0107 samo radi\u0161 ili planira\u0161 da radi\u0161 kao negovatelj u Nema\u010dkoj.<\/p>\n<p>Jer ovo se ne u\u010di samo da bi polo\u017eila ispit, ve\u0107 da bi mogla da radi\u0161.<\/p>\n<p><\/p>\n<p>A kako to izgleda, pogledaj na prvoj strani knjige ovde dole.<\/p>\n<p><\/p>\n<p><br><\/p>\n<p><strong><em>&nbsp;<\/em><\/strong><\/p>\n<p><strong><em><img decoding=\"async\" class=\"img-responsive\" src=\"https:\/\/www.filepicker.io\/api\/file\/47f71074SuGHkXYZQsES\"><\/em><\/strong><\/p>\n<p><\/p>\t\t\t\t\t\t\t\t<\/div>\n\t\t\t\t<\/div>\n\t\t\t\t\t<\/div>\n\t\t<\/div>\n\t\t\t\t\t<\/div>\n\t\t<\/section>\n\t\t\t\t<section class=\"elementor-section elementor-top-section elementor-element elementor-element-347afb70 elementor-section-boxed elementor-section-height-default elementor-section-height-default\" data-id=\"347afb70\" data-element_type=\"section\" data-e-type=\"section\" data-settings=\"{&quot;_ha_eqh_enable&quot;:false}\">\n\t\t\t\t\t\t\t<div class=\"elementor-background-overlay\"><\/div>\n\t\t\t\t\t\t\t<div class=\"elementor-container elementor-column-gap-default\">\n\t\t\t\t\t<div class=\"elementor-column elementor-col-100 elementor-top-column elementor-element elementor-element-6c4ba8ca\" data-id=\"6c4ba8ca\" data-element_type=\"column\" data-e-type=\"column\">\n\t\t\t<div class=\"elementor-widget-wrap\">\n\t\t\t\t\t\t\t<\/div>\n\t\t<\/div>\n\t\t\t\t\t<\/div>\n\t\t<\/section>\n\t\t\t\t<section class=\"elementor-section elementor-top-section elementor-element elementor-element-4236d7c3 elementor-section-boxed elementor-section-height-default elementor-section-height-default\" data-id=\"4236d7c3\" data-element_type=\"section\" data-e-type=\"section\" data-settings=\"{&quot;_ha_eqh_enable&quot;:false}\">\n\t\t\t\t\t\t<div class=\"elementor-container elementor-column-gap-default\">\n\t\t\t\t\t<div class=\"elementor-column elementor-col-50 elementor-top-column elementor-element elementor-element-1e334fe7\" data-id=\"1e334fe7\" data-element_type=\"column\" data-e-type=\"column\">\n\t\t\t<div class=\"elementor-widget-wrap elementor-element-populated\">\n\t\t\t\t\t\t<div class=\"elementor-element elementor-element-59860587 elementor-widget elementor-widget-heading\" data-id=\"59860587\" data-element_type=\"widget\" data-e-type=\"widget\" data-widget_type=\"heading.default\">\n\t\t\t\t<div class=\"elementor-widget-container\">\n\t\t\t\t\t<h2 class=\"elementor-heading-title elementor-size-default\">Predava\u010d<\/h2>\t\t\t\t<\/div>\n\t\t\t\t<\/div>\n\t\t\t\t<div class=\"elementor-element elementor-element-6b3c4c49 elementor-widget__width-initial elementor-widget elementor-widget-image\" data-id=\"6b3c4c49\" data-element_type=\"widget\" data-e-type=\"widget\" data-widget_type=\"image.default\">\n\t\t\t\t<div class=\"elementor-widget-container\">\n\t\t\t\t\t\t\t\t\t\t\t\t\t\t\t<img fetchpriority=\"high\" decoding=\"async\" width=\"300\" height=\"300\" src=\"https:\/\/ivanabursac.com\/wp-content\/uploads\/2023\/08\/Untitled-design-8-300x300.png\" class=\"attachment-medium size-medium wp-image-4605\" alt=\"\" srcset=\"https:\/\/ivanabursac.com\/wp-content\/uploads\/2023\/08\/Untitled-design-8-300x300.png 300w, https:\/\/ivanabursac.com\/wp-content\/uploads\/2023\/08\/Untitled-design-8-100x100.png 100w, https:\/\/ivanabursac.com\/wp-content\/uploads\/2023\/08\/Untitled-design-8-600x600.png 600w, https:\/\/ivanabursac.com\/wp-content\/uploads\/2023\/08\/Untitled-design-8-150x150.png 150w, https:\/\/ivanabursac.com\/wp-content\/uploads\/2023\/08\/Untitled-design-8-768x768.png 768w, https:\/\/ivanabursac.com\/wp-content\/uploads\/2023\/08\/Untitled-design-8.png 800w\" sizes=\"(max-width: 300px) 100vw, 300px\" \/>\t\t\t\t\t\t\t\t\t\t\t\t\t\t\t<\/div>\n\t\t\t\t<\/div>\n\t\t\t\t<div class=\"elementor-element elementor-element-4175767b elementor-widget elementor-widget-heading\" data-id=\"4175767b\" data-element_type=\"widget\" data-e-type=\"widget\" data-widget_type=\"heading.default\">\n\t\t\t\t<div class=\"elementor-widget-container\">\n\t\t\t\t\t<h2 class=\"elementor-heading-title elementor-size-default\">Ivana Bursa\u0107<\/h2>\t\t\t\t<\/div>\n\t\t\t\t<\/div>\n\t\t\t\t\t<\/div>\n\t\t<\/div>\n\t\t\t\t<div class=\"elementor-column elementor-col-50 elementor-top-column elementor-element elementor-element-6c7bc05\" data-id=\"6c7bc05\" data-element_type=\"column\" data-e-type=\"column\">\n\t\t\t<div class=\"elementor-widget-wrap elementor-element-populated\">\n\t\t\t\t\t\t<div class=\"elementor-element elementor-element-3c31ab5a elementor-widget__width-initial elementor-widget elementor-widget-text-editor\" data-id=\"3c31ab5a\" data-element_type=\"widget\" data-e-type=\"widget\" data-widget_type=\"text-editor.default\">\n\t\t\t\t<div class=\"elementor-widget-container\">\n\t\t\t\t\t\t\t\t\t<p>Moje ime je Ivana Bursa\u0107, profesor sam nema\u010dkog jezika od 2011. godine. Filolo\u0161ki fakultet sam zavr\u0161ila u Beogradu, kao i master studije. Celog \u017eivota sam znala i \u017eelela da poma\u017eem ljudima da lak\u0161e savladaju nema\u010dki. Zbog toga sa sigurno\u0161\u0107u mogu da ka\u017eem da sam prona\u0161la najefikasniji metod u\u010denja koji uz najmanje napora daje najbolje rezultate.<\/p>\n<p>Od 2013. godine vodim \u0161kolu stranih jezika Mogi, u kojoj sam zajedno sa timom stru\u010dnjaka formirala jedinstvenu Mogi metodu uz koju je u\u010denje lako i zabavno i koja na savremen na\u010din podu\u010dava strane jezike odvajaju\u0107i bitno od nebitnog i koriste\u0107i sve date resurse koje na\u0161 mozak poseduje.<\/p>\t\t\t\t\t\t\t\t<\/div>\n\t\t\t\t<\/div>\n\t\t\t\t\t<\/div>\n\t\t<\/div>\n\t\t\t\t\t<\/div>\n\t\t<\/section>\n\t\t\t\t<section class=\"elementor-section elementor-top-section elementor-element elementor-element-1e1e2d75 elementor-section-boxed elementor-section-height-default elementor-section-height-default\" data-id=\"1e1e2d75\" data-element_type=\"section\" data-e-type=\"section\" data-settings=\"{&quot;_ha_eqh_enable&quot;:false}\">\n\t\t\t\t\t\t\t<div class=\"elementor-background-overlay\"><\/div>\n\t\t\t\t\t\t\t<div class=\"elementor-container elementor-column-gap-default\">\n\t\t\t\t\t<div class=\"elementor-column elementor-col-100 elementor-top-column elementor-element elementor-element-4236cbc6\" data-id=\"4236cbc6\" data-element_type=\"column\" data-e-type=\"column\">\n\t\t\t<div class=\"elementor-widget-wrap elementor-element-populated\">\n\t\t\t\t\t\t<div class=\"elementor-element elementor-element-48eaecc9 elementor-widget elementor-widget-heading\" data-id=\"48eaecc9\" data-element_type=\"widget\" data-e-type=\"widget\" data-widget_type=\"heading.default\">\n\t\t\t\t<div class=\"elementor-widget-container\">\n\t\t\t\t\t<h2 class=\"elementor-heading-title elementor-size-default\">Po\u010dni odmah<\/h2>\t\t\t\t<\/div>\n\t\t\t\t<\/div>\n\t\t\t\t<section class=\"elementor-section elementor-inner-section elementor-element elementor-element-1df78be9 elementor-section-boxed elementor-section-height-default elementor-section-height-default\" data-id=\"1df78be9\" data-element_type=\"section\" data-e-type=\"section\" data-settings=\"{&quot;_ha_eqh_enable&quot;:false}\">\n\t\t\t\t\t\t\t<div class=\"elementor-background-overlay\"><\/div>\n\t\t\t\t\t\t\t<div class=\"elementor-container elementor-column-gap-default\">\n\t\t\t\t\t<div class=\"elementor-column elementor-col-100 elementor-inner-column elementor-element elementor-element-3e518e2\" data-id=\"3e518e2\" data-element_type=\"column\" data-e-type=\"column\">\n\t\t\t<div class=\"elementor-widget-wrap elementor-element-populated\">\n\t\t\t\t\t\t<div class=\"elementor-element elementor-element-438c949b elementor-align-center elementor-widget elementor-widget-button\" data-id=\"438c949b\" data-element_type=\"widget\" data-e-type=\"widget\" data-widget_type=\"button.default\">\n\t\t\t\t<div class=\"elementor-widget-container\">\n\t\t\t\t\t\t\t\t\t<div class=\"elementor-button-wrapper\">\n\t\t\t\t\t<a class=\"elementor-button elementor-button-link elementor-size-sm\" href=\"https:\/\/ivanabursac.com\/sr\/?add-to-cart=4976\">\n\t\t\t\t\t\t<span class=\"elementor-button-content-wrapper\">\n\t\t\t\t\t\t\t\t\t<span class=\"elementor-button-text\">Kupi knjigu za 50\u20ac<\/span>\n\t\t\t\t\t<\/span>\n\t\t\t\t\t<\/a>\n\t\t\t\t<\/div>\n\t\t\t\t\t\t\t\t<\/div>\n\t\t\t\t<\/div>\n\t\t\t\t\t<\/div>\n\t\t<\/div>\n\t\t\t\t\t<\/div>\n\t\t<\/section>\n\t\t\t\t\t<\/div>\n\t\t<\/div>\n\t\t\t\t\t<\/div>\n\t\t<\/section>\n\t\t\t\t<\/div>","protected":false},"excerpt":{"rendered":"<p>Re\u010dnik za Pflege ispit Zvani\u010dni re\u010dnik za telc Pflege ispit Kupi knjigu za 50\u20ac Kona\u010dno je tu ne\u0161to \u0161to \u0107e ti olak\u0161ati u\u010denje re\u010di za Pflege ispit. Zvani\u010dni telcov re\u010dnik mo\u017ee\u0161 da prona\u0111e\u0161 u knji\u017earama, mo\u017eda \u010dak i online besplatno. Ali muka je to sve prevesti i razumeti kako bi mogla da nau\u010di\u0161. Zato smo [&hellip;]<\/p>\n","protected":false},"author":1,"featured_media":0,"parent":0,"menu_order":0,"comment_status":"closed","ping_status":"closed","template":"","meta":{"site-sidebar-layout":"no-sidebar","site-content-layout":"page-builder","ast-site-content-layout":"default","site-content-style":"default","site-sidebar-style":"default","ast-global-header-display":"","ast-banner-title-visibility":"","ast-main-header-display":"","ast-hfb-above-header-display":"","ast-hfb-below-header-display":"","ast-hfb-mobile-header-display":"","site-post-title":"disabled","ast-breadcrumbs-content":"","ast-featured-img":"disabled","footer-sml-layout":"","ast-disable-related-posts":"","theme-transparent-header-meta":"","adv-header-id-meta":"","stick-header-meta":"","header-above-stick-meta":"","header-main-stick-meta":"","header-below-stick-meta":"","astra-migrate-meta-layouts":"default","ast-page-background-enabled":"default","ast-page-background-meta":{"desktop":{"background-color":"var(--ast-global-color-4)","background-image":"","background-repeat":"repeat","background-position":"center center","background-size":"auto","background-attachment":"scroll","background-type":"","background-media":"","overlay-type":"","overlay-color":"","overlay-opacity":"","overlay-gradient":""},"tablet":{"background-color":"","background-image":"","background-repeat":"repeat","background-position":"center center","background-size":"auto","background-attachment":"scroll","background-type":"","background-media":"","overlay-type":"","overlay-color":"","overlay-opacity":"","overlay-gradient":""},"mobile":{"background-color":"","background-image":"","background-repeat":"repeat","background-position":"center center","background-size":"auto","background-attachment":"scroll","background-type":"","background-media":"","overlay-type":"","overlay-color":"","overlay-opacity":"","overlay-gradient":""}},"ast-content-background-meta":{"desktop":{"background-color":"var(--ast-global-color-5)","background-image":"","background-repeat":"repeat","background-position":"center center","background-size":"auto","background-attachment":"scroll","background-type":"","background-media":"","overlay-type":"","overlay-color":"","overlay-opacity":"","overlay-gradient":""},"tablet":{"background-color":"var(--ast-global-color-5)","background-image":"","background-repeat":"repeat","background-position":"center center","background-size":"auto","background-attachment":"scroll","background-type":"","background-media":"","overlay-type":"","overlay-color":"","overlay-opacity":"","overlay-gradient":""},"mobile":{"background-color":"var(--ast-global-color-5)","background-image":"","background-repeat":"repeat","background-position":"center center","background-size":"auto","background-attachment":"scroll","background-type":"","background-media":"","overlay-type":"","overlay-color":"","overlay-opacity":"","overlay-gradient":""}},"footnotes":""},"class_list":["post-4697","page","type-page","status-publish","hentry"],"_links":{"self":[{"href":"https:\/\/ivanabursac.com\/sr\/wp-json\/wp\/v2\/pages\/4697","targetHints":{"allow":["GET"]}}],"collection":[{"href":"https:\/\/ivanabursac.com\/sr\/wp-json\/wp\/v2\/pages"}],"about":[{"href":"https:\/\/ivanabursac.com\/sr\/wp-json\/wp\/v2\/types\/page"}],"author":[{"embeddable":true,"href":"https:\/\/ivanabursac.com\/sr\/wp-json\/wp\/v2\/users\/1"}],"replies":[{"embeddable":true,"href":"https:\/\/ivanabursac.com\/sr\/wp-json\/wp\/v2\/comments?post=4697"}],"version-history":[{"count":25,"href":"https:\/\/ivanabursac.com\/sr\/wp-json\/wp\/v2\/pages\/4697\/revisions"}],"predecessor-version":[{"id":9923,"href":"https:\/\/ivanabursac.com\/sr\/wp-json\/wp\/v2\/pages\/4697\/revisions\/9923"}],"wp:attachment":[{"href":"https:\/\/ivanabursac.com\/sr\/wp-json\/wp\/v2\/media?parent=4697"}],"curies":[{"name":"wp","href":"https:\/\/api.w.org\/{rel}","templated":true}]}}