{"id":4719,"date":"2023-08-28T12:47:52","date_gmt":"2023-08-28T12:47:52","guid":{"rendered":"https:\/\/ivanabursac.com\/?page_id=4719"},"modified":"2023-09-22T14:44:34","modified_gmt":"2023-09-22T14:44:34","slug":"cake-iz-gramatike-nemacki","status":"publish","type":"page","link":"https:\/\/ivanabursac.com\/sr\/cake-iz-gramatike-nemacki\/","title":{"rendered":"Cake iz gramatike Nema\u010dki"},"content":{"rendered":"<div data-elementor-type=\"wp-page\" data-elementor-id=\"4719\" class=\"elementor elementor-4719\" data-elementor-settings=\"{&quot;ha_cmc_init_switcher&quot;:&quot;no&quot;}\" data-elementor-post-type=\"page\">\n\t\t\t\t\t\t<section class=\"elementor-section elementor-top-section elementor-element elementor-element-c0ad718 elementor-section-boxed elementor-section-height-default elementor-section-height-default\" data-id=\"c0ad718\" data-element_type=\"section\" data-e-type=\"section\" data-settings=\"{&quot;background_background&quot;:&quot;classic&quot;,&quot;_ha_eqh_enable&quot;:false}\">\n\t\t\t\t\t\t<div class=\"elementor-container elementor-column-gap-default\">\n\t\t\t\t\t<div class=\"elementor-column elementor-col-100 elementor-top-column elementor-element elementor-element-7eee2c61\" data-id=\"7eee2c61\" data-element_type=\"column\" data-e-type=\"column\">\n\t\t\t<div class=\"elementor-widget-wrap elementor-element-populated\">\n\t\t\t\t\t\t<div class=\"elementor-element elementor-element-78a95626 elementor-widget elementor-widget-spacer\" data-id=\"78a95626\" data-element_type=\"widget\" data-e-type=\"widget\" data-widget_type=\"spacer.default\">\n\t\t\t\t<div class=\"elementor-widget-container\">\n\t\t\t\t\t\t\t<div class=\"elementor-spacer\">\n\t\t\t<div class=\"elementor-spacer-inner\"><\/div>\n\t\t<\/div>\n\t\t\t\t\t\t<\/div>\n\t\t\t\t<\/div>\n\t\t\t\t<div class=\"elementor-element elementor-element-633fbe03 elementor-widget elementor-widget-spacer\" data-id=\"633fbe03\" data-element_type=\"widget\" data-e-type=\"widget\" data-widget_type=\"spacer.default\">\n\t\t\t\t<div class=\"elementor-widget-container\">\n\t\t\t\t\t\t\t<div class=\"elementor-spacer\">\n\t\t\t<div class=\"elementor-spacer-inner\"><\/div>\n\t\t<\/div>\n\t\t\t\t\t\t<\/div>\n\t\t\t\t<\/div>\n\t\t\t\t<div class=\"elementor-element elementor-element-40aa6031 elementor-widget elementor-widget-heading\" data-id=\"40aa6031\" data-element_type=\"widget\" data-e-type=\"widget\" data-widget_type=\"heading.default\">\n\t\t\t\t<div class=\"elementor-widget-container\">\n\t\t\t\t\t<h2 class=\"elementor-heading-title elementor-size-default\">Cake iz gramatike<\/h2>\t\t\t\t<\/div>\n\t\t\t\t<\/div>\n\t\t\t\t<div class=\"elementor-element elementor-element-2f727cb9 elementor-widget elementor-widget-heading\" data-id=\"2f727cb9\" data-element_type=\"widget\" data-e-type=\"widget\" data-widget_type=\"heading.default\">\n\t\t\t\t<div class=\"elementor-widget-container\">\n\t\t\t\t\t<h3 class=\"elementor-heading-title elementor-size-default\">100 koraka do boljeg nema\u010dkog<\/h3>\t\t\t\t<\/div>\n\t\t\t\t<\/div>\n\t\t\t\t<div class=\"elementor-element elementor-element-1d90c3be elementor-align-center elementor-widget elementor-widget-button\" data-id=\"1d90c3be\" data-element_type=\"widget\" data-e-type=\"widget\" data-widget_type=\"button.default\">\n\t\t\t\t<div class=\"elementor-widget-container\">\n\t\t\t\t\t\t\t\t\t<div class=\"elementor-button-wrapper\">\n\t\t\t\t\t<a class=\"elementor-button elementor-button-link elementor-size-sm\" href=\"https:\/\/ivanabursac.com\/sr\/?add-to-cart=4980\">\n\t\t\t\t\t\t<span class=\"elementor-button-content-wrapper\">\n\t\t\t\t\t\t\t\t\t<span class=\"elementor-button-text\">Kupi knjigu za 30\u20ac<\/span>\n\t\t\t\t\t<\/span>\n\t\t\t\t\t<\/a>\n\t\t\t\t<\/div>\n\t\t\t\t\t\t\t\t<\/div>\n\t\t\t\t<\/div>\n\t\t\t\t\t<\/div>\n\t\t<\/div>\n\t\t\t\t\t<\/div>\n\t\t<\/section>\n\t\t\t\t<section class=\"elementor-section elementor-top-section elementor-element elementor-element-29be1ff0 elementor-section-boxed elementor-section-height-default elementor-section-height-default\" data-id=\"29be1ff0\" data-element_type=\"section\" data-e-type=\"section\" data-settings=\"{&quot;_ha_eqh_enable&quot;:false}\">\n\t\t\t\t\t\t<div class=\"elementor-container elementor-column-gap-default\">\n\t\t\t\t\t<div class=\"elementor-column elementor-col-100 elementor-top-column elementor-element elementor-element-7676c8f\" data-id=\"7676c8f\" data-element_type=\"column\" data-e-type=\"column\">\n\t\t\t<div class=\"elementor-widget-wrap elementor-element-populated\">\n\t\t\t\t\t\t<div class=\"elementor-element elementor-element-4a654d74 elementor-widget elementor-widget-text-editor\" data-id=\"4a654d74\" data-element_type=\"widget\" data-e-type=\"widget\" data-widget_type=\"text-editor.default\">\n\t\t\t\t<div class=\"elementor-widget-container\">\n\t\t\t\t\t\t\t\t\t<p>Oslu\u0161kuju\u0107i svoje polaznike i ljude koji me prate na dru\u0161tvenim mre\u017eama, re\u0161ila sam da re\u0161im jedan od problema sa kojim se mnogi susre\u0107u, a to je gramatika.<\/p><p>\u00a0<\/p><p><strong>U ovoj knjizi sam skupila 100 gramati\u010dkih gre\u0161aka koje se ponavljaju na svim nivoima. Uz jednostavno obja\u0161njenje re\u0161avam dilemu za\u0161to je to gre\u0161ka i kako treba pravilno da se ka\u017ee.<\/strong><\/p><p><strong>\u00a0<\/strong><\/p><p>Sama knjiga je podeljena na 3 dela, odnosno 3 nivoa gre\u0161aka prema nivou znanja. Ovo olak\u0161ava snala\u017eenje onima koji na primer jo\u0161 nisu na B1 nivou da ne moraju da jo\u0161 u\u010de gre\u0161ke koje su sa B1 nivoa. A onima koji su ve\u0107 na B1+ nivou pokazuju koliko su gre\u0161ke koje prave &#8220;ozbiljne&#8221;.<\/p><p>\u00a0<\/p><p>Ovde \u0107u ti pokazati jedan primer kako izgleda knjiga i sam sadr\u017eaj:<\/p>\t\t\t\t\t\t\t\t<\/div>\n\t\t\t\t<\/div>\n\t\t\t\t<div class=\"elementor-element elementor-element-5fb04d9 elementor-widget elementor-widget-image\" data-id=\"5fb04d9\" data-element_type=\"widget\" data-e-type=\"widget\" data-widget_type=\"image.default\">\n\t\t\t\t<div class=\"elementor-widget-container\">\n\t\t\t\t\t\t\t\t\t\t\t\t\t\t\t<img fetchpriority=\"high\" decoding=\"async\" width=\"1024\" height=\"576\" src=\"https:\/\/ivanabursac.com\/wp-content\/uploads\/2023\/08\/Cake-iz-gramatike-1-1024x576.png\" class=\"attachment-large size-large wp-image-4738\" alt=\"\" srcset=\"https:\/\/ivanabursac.com\/wp-content\/uploads\/2023\/08\/Cake-iz-gramatike-1-1024x576.png 1024w, https:\/\/ivanabursac.com\/wp-content\/uploads\/2023\/08\/Cake-iz-gramatike-1-600x338.png 600w, https:\/\/ivanabursac.com\/wp-content\/uploads\/2023\/08\/Cake-iz-gramatike-1-300x169.png 300w, https:\/\/ivanabursac.com\/wp-content\/uploads\/2023\/08\/Cake-iz-gramatike-1-768x432.png 768w, https:\/\/ivanabursac.com\/wp-content\/uploads\/2023\/08\/Cake-iz-gramatike-1-1536x864.png 1536w, https:\/\/ivanabursac.com\/wp-content\/uploads\/2023\/08\/Cake-iz-gramatike-1.png 1920w\" sizes=\"(max-width: 1024px) 100vw, 1024px\" \/>\t\t\t\t\t\t\t\t\t\t\t\t\t\t\t<\/div>\n\t\t\t\t<\/div>\n\t\t\t\t<div class=\"elementor-element elementor-element-2a030fb elementor-widget elementor-widget-text-editor\" data-id=\"2a030fb\" data-element_type=\"widget\" data-e-type=\"widget\" data-widget_type=\"text-editor.default\">\n\t\t\t\t<div class=\"elementor-widget-container\">\n\t\t\t\t\t\t\t\t\t<p>Ovo je primer gre\u0161ke sa A2 nivoa.<\/p><p>\u00a0<\/p><p><strong>Dakle, sve \u0161to ti je potrebno ima\u0161 ovde:<\/strong><\/p><p><strong>#1 GRE\u0160KA KOJU PRAVI\u0160<\/strong><\/p><p><strong>#2 PRAVILNA RE\u010cENICA<\/strong><\/p><p><strong>#3 PREVOD RE\u010cENICE<\/strong><\/p><p><strong>#4 KRATKO I JASNO OBJA\u0160NJENJE GRE\u0160KE<\/strong><\/p><p><strong>I tako 100 puta.<\/strong><\/p><p><strong>\u00a0<\/strong><\/p><p>Pokaza\u0107u ti jo\u0161 jedan primer sa A1 nivoa.<\/p>\t\t\t\t\t\t\t\t<\/div>\n\t\t\t\t<\/div>\n\t\t\t\t<div class=\"elementor-element elementor-element-e157bb3 elementor-widget elementor-widget-image\" data-id=\"e157bb3\" data-element_type=\"widget\" data-e-type=\"widget\" data-widget_type=\"image.default\">\n\t\t\t\t<div class=\"elementor-widget-container\">\n\t\t\t\t\t\t\t\t\t\t\t\t\t\t\t<img decoding=\"async\" width=\"1024\" height=\"576\" src=\"https:\/\/ivanabursac.com\/wp-content\/uploads\/2023\/08\/Cake-iz-gramatike-2-1024x576.png\" class=\"attachment-large size-large wp-image-4739\" alt=\"\" srcset=\"https:\/\/ivanabursac.com\/wp-content\/uploads\/2023\/08\/Cake-iz-gramatike-2-1024x576.png 1024w, https:\/\/ivanabursac.com\/wp-content\/uploads\/2023\/08\/Cake-iz-gramatike-2-600x338.png 600w, https:\/\/ivanabursac.com\/wp-content\/uploads\/2023\/08\/Cake-iz-gramatike-2-300x169.png 300w, https:\/\/ivanabursac.com\/wp-content\/uploads\/2023\/08\/Cake-iz-gramatike-2-768x432.png 768w, https:\/\/ivanabursac.com\/wp-content\/uploads\/2023\/08\/Cake-iz-gramatike-2-1536x864.png 1536w, https:\/\/ivanabursac.com\/wp-content\/uploads\/2023\/08\/Cake-iz-gramatike-2.png 1920w\" sizes=\"(max-width: 1024px) 100vw, 1024px\" \/>\t\t\t\t\t\t\t\t\t\t\t\t\t\t\t<\/div>\n\t\t\t\t<\/div>\n\t\t\t\t\t<\/div>\n\t\t<\/div>\n\t\t\t\t\t<\/div>\n\t\t<\/section>\n\t\t\t\t<section class=\"elementor-section elementor-top-section elementor-element elementor-element-5c5a90a8 elementor-section-boxed elementor-section-height-default elementor-section-height-default\" data-id=\"5c5a90a8\" data-element_type=\"section\" data-e-type=\"section\" data-settings=\"{&quot;_ha_eqh_enable&quot;:false}\">\n\t\t\t\t\t\t\t<div class=\"elementor-background-overlay\"><\/div>\n\t\t\t\t\t\t\t<div class=\"elementor-container elementor-column-gap-default\">\n\t\t\t\t\t<div class=\"elementor-column elementor-col-100 elementor-top-column elementor-element elementor-element-516eca44\" data-id=\"516eca44\" data-element_type=\"column\" data-e-type=\"column\">\n\t\t\t<div class=\"elementor-widget-wrap\">\n\t\t\t\t\t\t\t<\/div>\n\t\t<\/div>\n\t\t\t\t\t<\/div>\n\t\t<\/section>\n\t\t\t\t<section class=\"elementor-section elementor-top-section elementor-element elementor-element-b301d90 elementor-section-boxed elementor-section-height-default elementor-section-height-default\" data-id=\"b301d90\" data-element_type=\"section\" data-e-type=\"section\" data-settings=\"{&quot;_ha_eqh_enable&quot;:false}\">\n\t\t\t\t\t\t<div class=\"elementor-container elementor-column-gap-default\">\n\t\t\t\t\t<div class=\"elementor-column elementor-col-50 elementor-top-column elementor-element elementor-element-7042bff\" data-id=\"7042bff\" data-element_type=\"column\" data-e-type=\"column\">\n\t\t\t<div class=\"elementor-widget-wrap elementor-element-populated\">\n\t\t\t\t\t\t<div class=\"elementor-element elementor-element-56104f1c elementor-widget elementor-widget-heading\" data-id=\"56104f1c\" data-element_type=\"widget\" data-e-type=\"widget\" data-widget_type=\"heading.default\">\n\t\t\t\t<div class=\"elementor-widget-container\">\n\t\t\t\t\t<h2 class=\"elementor-heading-title elementor-size-default\">Predava\u010d<\/h2>\t\t\t\t<\/div>\n\t\t\t\t<\/div>\n\t\t\t\t<div class=\"elementor-element elementor-element-3fbe86d9 elementor-widget__width-initial elementor-widget elementor-widget-image\" data-id=\"3fbe86d9\" data-element_type=\"widget\" data-e-type=\"widget\" data-widget_type=\"image.default\">\n\t\t\t\t<div class=\"elementor-widget-container\">\n\t\t\t\t\t\t\t\t\t\t\t\t\t\t\t<img decoding=\"async\" width=\"300\" height=\"300\" src=\"https:\/\/ivanabursac.com\/wp-content\/uploads\/2023\/08\/Untitled-design-8-300x300.png\" class=\"attachment-medium size-medium wp-image-4605\" alt=\"\" srcset=\"https:\/\/ivanabursac.com\/wp-content\/uploads\/2023\/08\/Untitled-design-8-300x300.png 300w, https:\/\/ivanabursac.com\/wp-content\/uploads\/2023\/08\/Untitled-design-8-100x100.png 100w, https:\/\/ivanabursac.com\/wp-content\/uploads\/2023\/08\/Untitled-design-8-600x600.png 600w, https:\/\/ivanabursac.com\/wp-content\/uploads\/2023\/08\/Untitled-design-8-150x150.png 150w, https:\/\/ivanabursac.com\/wp-content\/uploads\/2023\/08\/Untitled-design-8-768x768.png 768w, https:\/\/ivanabursac.com\/wp-content\/uploads\/2023\/08\/Untitled-design-8.png 800w\" sizes=\"(max-width: 300px) 100vw, 300px\" \/>\t\t\t\t\t\t\t\t\t\t\t\t\t\t\t<\/div>\n\t\t\t\t<\/div>\n\t\t\t\t<div class=\"elementor-element elementor-element-795f270b elementor-widget elementor-widget-heading\" data-id=\"795f270b\" data-element_type=\"widget\" data-e-type=\"widget\" data-widget_type=\"heading.default\">\n\t\t\t\t<div class=\"elementor-widget-container\">\n\t\t\t\t\t<h2 class=\"elementor-heading-title elementor-size-default\">Ivana Bursa\u0107<\/h2>\t\t\t\t<\/div>\n\t\t\t\t<\/div>\n\t\t\t\t\t<\/div>\n\t\t<\/div>\n\t\t\t\t<div class=\"elementor-column elementor-col-50 elementor-top-column elementor-element elementor-element-48e1610f\" data-id=\"48e1610f\" data-element_type=\"column\" data-e-type=\"column\">\n\t\t\t<div class=\"elementor-widget-wrap elementor-element-populated\">\n\t\t\t\t\t\t<div class=\"elementor-element elementor-element-34ce44b2 elementor-widget__width-initial elementor-widget elementor-widget-text-editor\" data-id=\"34ce44b2\" data-element_type=\"widget\" data-e-type=\"widget\" data-widget_type=\"text-editor.default\">\n\t\t\t\t<div class=\"elementor-widget-container\">\n\t\t\t\t\t\t\t\t\t<p>Moje ime je Ivana Bursa\u0107, profesor sam nema\u010dkog jezika od 2011. godine. Filolo\u0161ki fakultet sam zavr\u0161ila u Beogradu, kao i master studije. Celog \u017eivota sam znala i \u017eelela da poma\u017eem ljudima da lak\u0161e savladaju nema\u010dki. Zbog toga sa sigurno\u0161\u0107u mogu da ka\u017eem da sam prona\u0161la najefikasniji metod u\u010denja koji uz najmanje napora daje najbolje rezultate.<\/p>\n<p>Od 2013. godine vodim \u0161kolu stranih jezika Mogi, u kojoj sam zajedno sa timom stru\u010dnjaka formirala jedinstvenu Mogi metodu uz koju je u\u010denje lako i zabavno i koja na savremen na\u010din podu\u010dava strane jezike odvajaju\u0107i bitno od nebitnog i koriste\u0107i sve date resurse koje na\u0161 mozak poseduje.<\/p>\t\t\t\t\t\t\t\t<\/div>\n\t\t\t\t<\/div>\n\t\t\t\t\t<\/div>\n\t\t<\/div>\n\t\t\t\t\t<\/div>\n\t\t<\/section>\n\t\t\t\t<section class=\"elementor-section elementor-top-section elementor-element elementor-element-2a52668a elementor-section-boxed elementor-section-height-default elementor-section-height-default\" data-id=\"2a52668a\" data-element_type=\"section\" data-e-type=\"section\" data-settings=\"{&quot;_ha_eqh_enable&quot;:false}\">\n\t\t\t\t\t\t\t<div class=\"elementor-background-overlay\"><\/div>\n\t\t\t\t\t\t\t<div class=\"elementor-container elementor-column-gap-default\">\n\t\t\t\t\t<div class=\"elementor-column elementor-col-100 elementor-top-column elementor-element elementor-element-342ec446\" data-id=\"342ec446\" data-element_type=\"column\" data-e-type=\"column\">\n\t\t\t<div class=\"elementor-widget-wrap elementor-element-populated\">\n\t\t\t\t\t\t<div class=\"elementor-element elementor-element-47c2cae2 elementor-widget elementor-widget-heading\" data-id=\"47c2cae2\" data-element_type=\"widget\" data-e-type=\"widget\" data-widget_type=\"heading.default\">\n\t\t\t\t<div class=\"elementor-widget-container\">\n\t\t\t\t\t<h2 class=\"elementor-heading-title elementor-size-default\">Po\u010dni odmah<\/h2>\t\t\t\t<\/div>\n\t\t\t\t<\/div>\n\t\t\t\t<section class=\"elementor-section elementor-inner-section elementor-element elementor-element-c7b5eff elementor-section-boxed elementor-section-height-default elementor-section-height-default\" data-id=\"c7b5eff\" data-element_type=\"section\" data-e-type=\"section\" data-settings=\"{&quot;_ha_eqh_enable&quot;:false}\">\n\t\t\t\t\t\t\t<div class=\"elementor-background-overlay\"><\/div>\n\t\t\t\t\t\t\t<div class=\"elementor-container elementor-column-gap-default\">\n\t\t\t\t\t<div class=\"elementor-column elementor-col-100 elementor-inner-column elementor-element elementor-element-f205d5a\" data-id=\"f205d5a\" data-element_type=\"column\" data-e-type=\"column\">\n\t\t\t<div class=\"elementor-widget-wrap elementor-element-populated\">\n\t\t\t\t\t\t<div class=\"elementor-element elementor-element-6f788e80 elementor-align-center elementor-widget elementor-widget-button\" data-id=\"6f788e80\" data-element_type=\"widget\" data-e-type=\"widget\" data-widget_type=\"button.default\">\n\t\t\t\t<div class=\"elementor-widget-container\">\n\t\t\t\t\t\t\t\t\t<div class=\"elementor-button-wrapper\">\n\t\t\t\t\t<a class=\"elementor-button elementor-button-link elementor-size-sm\" href=\"https:\/\/ivanabursac.com\/sr\/?add-to-cart=4980\">\n\t\t\t\t\t\t<span class=\"elementor-button-content-wrapper\">\n\t\t\t\t\t\t\t\t\t<span class=\"elementor-button-text\">Kupi knjigu za 30\u20ac<\/span>\n\t\t\t\t\t<\/span>\n\t\t\t\t\t<\/a>\n\t\t\t\t<\/div>\n\t\t\t\t\t\t\t\t<\/div>\n\t\t\t\t<\/div>\n\t\t\t\t\t<\/div>\n\t\t<\/div>\n\t\t\t\t\t<\/div>\n\t\t<\/section>\n\t\t\t\t\t<\/div>\n\t\t<\/div>\n\t\t\t\t\t<\/div>\n\t\t<\/section>\n\t\t\t\t<\/div>","protected":false},"excerpt":{"rendered":"<p>Cake iz gramatike 100 koraka do boljeg nema\u010dkog Kupi knjigu za 30\u20ac Oslu\u0161kuju\u0107i svoje polaznike i ljude koji me prate na dru\u0161tvenim mre\u017eama, re\u0161ila sam da re\u0161im jedan od problema sa kojim se mnogi susre\u0107u, a to je gramatika. \u00a0 U ovoj knjizi sam skupila 100 gramati\u010dkih gre\u0161aka koje se ponavljaju na svim nivoima. Uz [&hellip;]<\/p>\n","protected":false},"author":1,"featured_media":0,"parent":0,"menu_order":0,"comment_status":"closed","ping_status":"closed","template":"","meta":{"site-sidebar-layout":"no-sidebar","site-content-layout":"page-builder","ast-site-content-layout":"default","site-content-style":"default","site-sidebar-style":"default","ast-global-header-display":"","ast-banner-title-visibility":"","ast-main-header-display":"","ast-hfb-above-header-display":"","ast-hfb-below-header-display":"","ast-hfb-mobile-header-display":"","site-post-title":"disabled","ast-breadcrumbs-content":"","ast-featured-img":"disabled","footer-sml-layout":"","ast-disable-related-posts":"","theme-transparent-header-meta":"","adv-header-id-meta":"","stick-header-meta":"","header-above-stick-meta":"","header-main-stick-meta":"","header-below-stick-meta":"","astra-migrate-meta-layouts":"default","ast-page-background-enabled":"default","ast-page-background-meta":{"desktop":{"background-color":"var(--ast-global-color-4)","background-image":"","background-repeat":"repeat","background-position":"center center","background-size":"auto","background-attachment":"scroll","background-type":"","background-media":"","overlay-type":"","overlay-color":"","overlay-opacity":"","overlay-gradient":""},"tablet":{"background-color":"","background-image":"","background-repeat":"repeat","background-position":"center center","background-size":"auto","background-attachment":"scroll","background-type":"","background-media":"","overlay-type":"","overlay-color":"","overlay-opacity":"","overlay-gradient":""},"mobile":{"background-color":"","background-image":"","background-repeat":"repeat","background-position":"center center","background-size":"auto","background-attachment":"scroll","background-type":"","background-media":"","overlay-type":"","overlay-color":"","overlay-opacity":"","overlay-gradient":""}},"ast-content-background-meta":{"desktop":{"background-color":"var(--ast-global-color-5)","background-image":"","background-repeat":"repeat","background-position":"center center","background-size":"auto","background-attachment":"scroll","background-type":"","background-media":"","overlay-type":"","overlay-color":"","overlay-opacity":"","overlay-gradient":""},"tablet":{"background-color":"var(--ast-global-color-5)","background-image":"","background-repeat":"repeat","background-position":"center center","background-size":"auto","background-attachment":"scroll","background-type":"","background-media":"","overlay-type":"","overlay-color":"","overlay-opacity":"","overlay-gradient":""},"mobile":{"background-color":"var(--ast-global-color-5)","background-image":"","background-repeat":"repeat","background-position":"center center","background-size":"auto","background-attachment":"scroll","background-type":"","background-media":"","overlay-type":"","overlay-color":"","overlay-opacity":"","overlay-gradient":""}},"footnotes":""},"class_list":["post-4719","page","type-page","status-publish","hentry"],"_links":{"self":[{"href":"https:\/\/ivanabursac.com\/sr\/wp-json\/wp\/v2\/pages\/4719","targetHints":{"allow":["GET"]}}],"collection":[{"href":"https:\/\/ivanabursac.com\/sr\/wp-json\/wp\/v2\/pages"}],"about":[{"href":"https:\/\/ivanabursac.com\/sr\/wp-json\/wp\/v2\/types\/page"}],"author":[{"embeddable":true,"href":"https:\/\/ivanabursac.com\/sr\/wp-json\/wp\/v2\/users\/1"}],"replies":[{"embeddable":true,"href":"https:\/\/ivanabursac.com\/sr\/wp-json\/wp\/v2\/comments?post=4719"}],"version-history":[{"count":24,"href":"https:\/\/ivanabursac.com\/sr\/wp-json\/wp\/v2\/pages\/4719\/revisions"}],"predecessor-version":[{"id":9566,"href":"https:\/\/ivanabursac.com\/sr\/wp-json\/wp\/v2\/pages\/4719\/revisions\/9566"}],"wp:attachment":[{"href":"https:\/\/ivanabursac.com\/sr\/wp-json\/wp\/v2\/media?parent=4719"}],"curies":[{"name":"wp","href":"https:\/\/api.w.org\/{rel}","templated":true}]}}