{"id":4747,"date":"2023-08-28T14:49:13","date_gmt":"2023-08-28T14:49:13","guid":{"rendered":"https:\/\/ivanabursac.com\/?page_id=4747"},"modified":"2023-10-03T08:44:41","modified_gmt":"2023-10-03T08:44:41","slug":"video-kurs-nemacki-a1","status":"publish","type":"page","link":"https:\/\/ivanabursac.com\/sr\/video-kurs-nemacki-a1\/","title":{"rendered":"Video kurs Nema\u010dki A1"},"content":{"rendered":"<div data-elementor-type=\"wp-page\" data-elementor-id=\"4747\" class=\"elementor elementor-4747\" data-elementor-settings=\"{&quot;ha_cmc_init_switcher&quot;:&quot;no&quot;}\" data-elementor-post-type=\"page\">\n\t\t\t\t\t\t<section class=\"elementor-section elementor-top-section elementor-element elementor-element-6daa317 elementor-section-boxed elementor-section-height-default elementor-section-height-default\" data-id=\"6daa317\" data-element_type=\"section\" data-e-type=\"section\" data-settings=\"{&quot;background_background&quot;:&quot;classic&quot;,&quot;_ha_eqh_enable&quot;:false}\">\n\t\t\t\t\t\t<div class=\"elementor-container elementor-column-gap-default\">\n\t\t\t\t\t<div class=\"elementor-column elementor-col-100 elementor-top-column elementor-element elementor-element-34c492c5\" data-id=\"34c492c5\" data-element_type=\"column\" data-e-type=\"column\">\n\t\t\t<div class=\"elementor-widget-wrap elementor-element-populated\">\n\t\t\t\t\t\t<div class=\"elementor-element elementor-element-17ee7391 elementor-widget elementor-widget-spacer\" data-id=\"17ee7391\" data-element_type=\"widget\" data-e-type=\"widget\" data-widget_type=\"spacer.default\">\n\t\t\t\t<div class=\"elementor-widget-container\">\n\t\t\t\t\t\t\t<div class=\"elementor-spacer\">\n\t\t\t<div class=\"elementor-spacer-inner\"><\/div>\n\t\t<\/div>\n\t\t\t\t\t\t<\/div>\n\t\t\t\t<\/div>\n\t\t\t\t<div class=\"elementor-element elementor-element-7013eada elementor-widget elementor-widget-spacer\" data-id=\"7013eada\" data-element_type=\"widget\" data-e-type=\"widget\" data-widget_type=\"spacer.default\">\n\t\t\t\t<div class=\"elementor-widget-container\">\n\t\t\t\t\t\t\t<div class=\"elementor-spacer\">\n\t\t\t<div class=\"elementor-spacer-inner\"><\/div>\n\t\t<\/div>\n\t\t\t\t\t\t<\/div>\n\t\t\t\t<\/div>\n\t\t\t\t<div class=\"elementor-element elementor-element-3b2353eb elementor-widget elementor-widget-heading\" data-id=\"3b2353eb\" data-element_type=\"widget\" data-e-type=\"widget\" data-widget_type=\"heading.default\">\n\t\t\t\t<div class=\"elementor-widget-container\">\n\t\t\t\t\t<h2 class=\"elementor-heading-title elementor-size-default\">Video kurs A1<br>nema\u010dki<\/h2>\t\t\t\t<\/div>\n\t\t\t\t<\/div>\n\t\t\t\t<div class=\"elementor-element elementor-element-2c9170d5 elementor-widget elementor-widget-heading\" data-id=\"2c9170d5\" data-element_type=\"widget\" data-e-type=\"widget\" data-widget_type=\"heading.default\">\n\t\t\t\t<div class=\"elementor-widget-container\">\n\t\t\t\t\t<h3 class=\"elementor-heading-title elementor-size-default\">Po\u010detni kurs nema\u010dki A1<\/h3>\t\t\t\t<\/div>\n\t\t\t\t<\/div>\n\t\t\t\t<div class=\"elementor-element elementor-element-3c7dbe0d elementor-align-center elementor-widget elementor-widget-button\" data-id=\"3c7dbe0d\" data-element_type=\"widget\" data-e-type=\"widget\" data-widget_type=\"button.default\">\n\t\t\t\t<div class=\"elementor-widget-container\">\n\t\t\t\t\t\t\t\t\t<div class=\"elementor-button-wrapper\">\n\t\t\t\t\t<a class=\"elementor-button elementor-button-link elementor-size-sm\" href=\"https:\/\/ivanabursac.com\/sr\/?add-to-cart=5011\">\n\t\t\t\t\t\t<span class=\"elementor-button-content-wrapper\">\n\t\t\t\t\t\t\t\t\t<span class=\"elementor-button-text\">Kupi kurs za 197\u20ac<\/span>\n\t\t\t\t\t<\/span>\n\t\t\t\t\t<\/a>\n\t\t\t\t<\/div>\n\t\t\t\t\t\t\t\t<\/div>\n\t\t\t\t<\/div>\n\t\t\t\t\t<\/div>\n\t\t<\/div>\n\t\t\t\t\t<\/div>\n\t\t<\/section>\n\t\t\t\t<section class=\"elementor-section elementor-top-section elementor-element elementor-element-4318245f elementor-section-boxed elementor-section-height-default elementor-section-height-default\" data-id=\"4318245f\" data-element_type=\"section\" data-e-type=\"section\" data-settings=\"{&quot;_ha_eqh_enable&quot;:false}\">\n\t\t\t\t\t\t<div class=\"elementor-container elementor-column-gap-default\">\n\t\t\t\t\t<div class=\"elementor-column elementor-col-100 elementor-top-column elementor-element elementor-element-410bed79\" data-id=\"410bed79\" data-element_type=\"column\" data-e-type=\"column\">\n\t\t\t<div class=\"elementor-widget-wrap elementor-element-populated\">\n\t\t\t\t\t\t<div class=\"elementor-element elementor-element-1d39c257 elementor-widget elementor-widget-text-editor\" data-id=\"1d39c257\" data-element_type=\"widget\" data-e-type=\"widget\" data-widget_type=\"text-editor.default\">\n\t\t\t\t<div class=\"elementor-widget-container\">\n\t\t\t\t\t\t\t\t\t<p><strong>Posle po\u010detnog nivoa \u0107e\u0161 ve\u0107 mo\u0107i da pri\u010da\u0161 na nema\u010dkom.<\/strong><\/p><p><strong>\u00a0<\/strong><\/p><p>Neverovatno, ali istinito \ud83d\ude42<\/p><p>\u00a0<\/p><p>\u017deli\u0161 odmah da sazna\u0161 po \u010demu je ovaj kurs vredan tvog vremena i novca?<\/p><p>\u00a0<\/p><p><strong>Ovo je jedini kurs na svetu koji te od prve lekcije u\u010di da koristi\u0161 jezik bez bubanja gramatike.<\/strong><\/p><p><strong>\u00a0<\/strong><\/p><p>Kako je to mogu\u0107e?<\/p><p>\u00a0<\/p><p>Ja sam Ivana, vlasnica i profesorka u Mogi \u0161koli stranih jezika. Pro\u0161lo je 8+ godina od kada smo napravili inovativnu, savremenu metodu za u\u010denje nema\u010dkog jezika koja se bazira na tome da jezik koristimo odmah uz pomo\u0107 tehnika u\u010denja i lak\u0161eg pam\u0107enja.<\/p><p>Jedna od njih su i mape uma i mapa fraza koje nam poma\u017eu da brzo i trajno zapamtimo nove re\u010di i gramatiku, a uz to i da se zabavimo.<\/p><p>Misli\u0161 da u u\u010denju nema\u010dkog nema ni\u010deg zabavnog?<\/p><p>Verujem ti, jer ti niko nije pokazao druga\u010diji na\u010din.<\/p><p>\u00a0<\/p><p><strong>Sada ima\u0161 priliku da u\u010di\u0161 po najsavremenijoj metodi za u\u010denje nema\u010dkog jezika i to kada ti mo\u017ee\u0161 i koliko ti mo\u017ee\u0161.<\/strong><\/p><p><strong>\u00a0<\/strong><\/p><p><strong>Pristup ima\u0161 24\/7 ZAUVEK!<\/strong><\/p><p><strong>\u00a0<\/strong><\/p><p>Moj princip u\u010denja je zasnovan na tome da sve objasnim \u0161to je kra\u0107e mogu\u0107e pa \u0107u se toga dr\u017eati i ovde i umesto da ti pi\u0161em \u0161ta sve ima\u0161 na kursu, pokaza\u0107u ti ovde ispod. Mo\u017ee\u0161 da pogleda\u0161 sve od \u010dega se kurs sastoji i da proceni\u0161 da li je ovo pravi kurs za tebe.<\/p><p>\u00a0<\/p><p>Vidimo se na kursu \ud83d\ude42<\/p>\t\t\t\t\t\t\t\t<\/div>\n\t\t\t\t<\/div>\n\t\t\t\t\t<\/div>\n\t\t<\/div>\n\t\t\t\t\t<\/div>\n\t\t<\/section>\n\t\t\t\t<section class=\"elementor-section elementor-top-section elementor-element elementor-element-17588910 elementor-section-boxed elementor-section-height-default elementor-section-height-default\" data-id=\"17588910\" data-element_type=\"section\" data-e-type=\"section\" data-settings=\"{&quot;_ha_eqh_enable&quot;:false}\">\n\t\t\t\t\t\t\t<div class=\"elementor-background-overlay\"><\/div>\n\t\t\t\t\t\t\t<div class=\"elementor-container elementor-column-gap-default\">\n\t\t\t\t\t<div class=\"elementor-column elementor-col-100 elementor-top-column elementor-element elementor-element-7f5ecc41\" data-id=\"7f5ecc41\" data-element_type=\"column\" data-e-type=\"column\">\n\t\t\t<div class=\"elementor-widget-wrap elementor-element-populated\">\n\t\t\t\t\t\t<div class=\"elementor-element elementor-element-8c44107 elementor-widget elementor-widget-video\" data-id=\"8c44107\" data-element_type=\"widget\" data-e-type=\"widget\" data-settings=\"{&quot;youtube_url&quot;:&quot;https:\\\/\\\/youtu.be\\\/xYmGAixo6X8&quot;,&quot;autoplay&quot;:&quot;yes&quot;,&quot;play_on_mobile&quot;:&quot;yes&quot;,&quot;video_type&quot;:&quot;youtube&quot;,&quot;controls&quot;:&quot;yes&quot;}\" data-widget_type=\"video.default\">\n\t\t\t\t<div class=\"elementor-widget-container\">\n\t\t\t\t\t\t\t<div class=\"elementor-wrapper elementor-open-inline\">\n\t\t\t<div class=\"elementor-video\"><\/div>\t\t<\/div>\n\t\t\t\t\t\t<\/div>\n\t\t\t\t<\/div>\n\t\t\t\t\t<\/div>\n\t\t<\/div>\n\t\t\t\t\t<\/div>\n\t\t<\/section>\n\t\t\t\t<section class=\"elementor-section elementor-top-section elementor-element elementor-element-4ebf9621 elementor-section-boxed elementor-section-height-default elementor-section-height-default\" data-id=\"4ebf9621\" data-element_type=\"section\" data-e-type=\"section\" data-settings=\"{&quot;_ha_eqh_enable&quot;:false}\">\n\t\t\t\t\t\t<div class=\"elementor-container elementor-column-gap-default\">\n\t\t\t\t\t<div class=\"elementor-column elementor-col-50 elementor-top-column elementor-element elementor-element-4227326c\" data-id=\"4227326c\" data-element_type=\"column\" data-e-type=\"column\">\n\t\t\t<div class=\"elementor-widget-wrap elementor-element-populated\">\n\t\t\t\t\t\t<div class=\"elementor-element elementor-element-7e6abcd8 elementor-widget elementor-widget-heading\" data-id=\"7e6abcd8\" data-element_type=\"widget\" data-e-type=\"widget\" data-widget_type=\"heading.default\">\n\t\t\t\t<div class=\"elementor-widget-container\">\n\t\t\t\t\t<h2 class=\"elementor-heading-title elementor-size-default\">Predava\u010d<\/h2>\t\t\t\t<\/div>\n\t\t\t\t<\/div>\n\t\t\t\t<div class=\"elementor-element elementor-element-2049bb6 elementor-widget__width-initial elementor-widget elementor-widget-image\" data-id=\"2049bb6\" data-element_type=\"widget\" data-e-type=\"widget\" data-widget_type=\"image.default\">\n\t\t\t\t<div class=\"elementor-widget-container\">\n\t\t\t\t\t\t\t\t\t\t\t\t\t\t\t<img fetchpriority=\"high\" decoding=\"async\" width=\"300\" height=\"300\" src=\"https:\/\/ivanabursac.com\/wp-content\/uploads\/2023\/08\/Untitled-design-8-300x300.png\" class=\"attachment-medium size-medium wp-image-4605\" alt=\"\" srcset=\"https:\/\/ivanabursac.com\/wp-content\/uploads\/2023\/08\/Untitled-design-8-300x300.png 300w, https:\/\/ivanabursac.com\/wp-content\/uploads\/2023\/08\/Untitled-design-8-100x100.png 100w, https:\/\/ivanabursac.com\/wp-content\/uploads\/2023\/08\/Untitled-design-8-600x600.png 600w, https:\/\/ivanabursac.com\/wp-content\/uploads\/2023\/08\/Untitled-design-8-150x150.png 150w, https:\/\/ivanabursac.com\/wp-content\/uploads\/2023\/08\/Untitled-design-8-768x768.png 768w, https:\/\/ivanabursac.com\/wp-content\/uploads\/2023\/08\/Untitled-design-8.png 800w\" sizes=\"(max-width: 300px) 100vw, 300px\" \/>\t\t\t\t\t\t\t\t\t\t\t\t\t\t\t<\/div>\n\t\t\t\t<\/div>\n\t\t\t\t<div class=\"elementor-element elementor-element-50e81c3a elementor-widget elementor-widget-heading\" data-id=\"50e81c3a\" data-element_type=\"widget\" data-e-type=\"widget\" data-widget_type=\"heading.default\">\n\t\t\t\t<div class=\"elementor-widget-container\">\n\t\t\t\t\t<h2 class=\"elementor-heading-title elementor-size-default\">Ivana Bursa\u0107<\/h2>\t\t\t\t<\/div>\n\t\t\t\t<\/div>\n\t\t\t\t\t<\/div>\n\t\t<\/div>\n\t\t\t\t<div class=\"elementor-column elementor-col-50 elementor-top-column elementor-element elementor-element-414e0e2c\" data-id=\"414e0e2c\" data-element_type=\"column\" data-e-type=\"column\">\n\t\t\t<div class=\"elementor-widget-wrap elementor-element-populated\">\n\t\t\t\t\t\t<div class=\"elementor-element elementor-element-2d27feeb elementor-widget__width-initial elementor-widget elementor-widget-text-editor\" data-id=\"2d27feeb\" data-element_type=\"widget\" data-e-type=\"widget\" data-widget_type=\"text-editor.default\">\n\t\t\t\t<div class=\"elementor-widget-container\">\n\t\t\t\t\t\t\t\t\t<p>Moje ime je Ivana Bursa\u0107, profesor sam nema\u010dkog jezika od 2011. godine. Filolo\u0161ki fakultet sam zavr\u0161ila u Beogradu, kao i master studije. Celog \u017eivota sam znala i \u017eelela da poma\u017eem ljudima da lak\u0161e savladaju nema\u010dki. Zbog toga sa sigurno\u0161\u0107u mogu da ka\u017eem da sam prona\u0161la najefikasniji metod u\u010denja koji uz najmanje napora daje najbolje rezultate.<\/p>\n<p>Od 2013. godine vodim \u0161kolu stranih jezika Mogi, u kojoj sam zajedno sa timom stru\u010dnjaka formirala jedinstvenu Mogi metodu uz koju je u\u010denje lako i zabavno i koja na savremen na\u010din podu\u010dava strane jezike odvajaju\u0107i bitno od nebitnog i koriste\u0107i sve date resurse koje na\u0161 mozak poseduje.<\/p>\t\t\t\t\t\t\t\t<\/div>\n\t\t\t\t<\/div>\n\t\t\t\t\t<\/div>\n\t\t<\/div>\n\t\t\t\t\t<\/div>\n\t\t<\/section>\n\t\t\t\t<section class=\"elementor-section elementor-top-section elementor-element elementor-element-5b24d2ea elementor-section-boxed elementor-section-height-default elementor-section-height-default\" data-id=\"5b24d2ea\" data-element_type=\"section\" data-e-type=\"section\" data-settings=\"{&quot;_ha_eqh_enable&quot;:false}\">\n\t\t\t\t\t\t\t<div class=\"elementor-background-overlay\"><\/div>\n\t\t\t\t\t\t\t<div class=\"elementor-container elementor-column-gap-default\">\n\t\t\t\t\t<div class=\"elementor-column elementor-col-100 elementor-top-column elementor-element elementor-element-4f352ff5\" data-id=\"4f352ff5\" data-element_type=\"column\" data-e-type=\"column\">\n\t\t\t<div class=\"elementor-widget-wrap elementor-element-populated\">\n\t\t\t\t\t\t<div class=\"elementor-element elementor-element-53443361 elementor-widget elementor-widget-heading\" data-id=\"53443361\" data-element_type=\"widget\" data-e-type=\"widget\" data-widget_type=\"heading.default\">\n\t\t\t\t<div class=\"elementor-widget-container\">\n\t\t\t\t\t<h2 class=\"elementor-heading-title elementor-size-default\">Po\u010dni odmah<\/h2>\t\t\t\t<\/div>\n\t\t\t\t<\/div>\n\t\t\t\t<section class=\"elementor-section elementor-inner-section elementor-element elementor-element-caae2 elementor-section-boxed elementor-section-height-default elementor-section-height-default\" data-id=\"caae2\" data-element_type=\"section\" data-e-type=\"section\" data-settings=\"{&quot;_ha_eqh_enable&quot;:false}\">\n\t\t\t\t\t\t\t<div class=\"elementor-background-overlay\"><\/div>\n\t\t\t\t\t\t\t<div class=\"elementor-container elementor-column-gap-default\">\n\t\t\t\t\t<div class=\"elementor-column elementor-col-100 elementor-inner-column elementor-element elementor-element-22146f3e\" data-id=\"22146f3e\" data-element_type=\"column\" data-e-type=\"column\">\n\t\t\t<div class=\"elementor-widget-wrap elementor-element-populated\">\n\t\t\t\t\t\t<div class=\"elementor-element elementor-element-5c6f8f7 elementor-align-center elementor-widget elementor-widget-button\" data-id=\"5c6f8f7\" data-element_type=\"widget\" data-e-type=\"widget\" data-widget_type=\"button.default\">\n\t\t\t\t<div class=\"elementor-widget-container\">\n\t\t\t\t\t\t\t\t\t<div class=\"elementor-button-wrapper\">\n\t\t\t\t\t<a class=\"elementor-button elementor-button-link elementor-size-sm\" href=\"https:\/\/ivanabursac.com\/sr\/?add-to-cart=5011\">\n\t\t\t\t\t\t<span class=\"elementor-button-content-wrapper\">\n\t\t\t\t\t\t\t\t\t<span class=\"elementor-button-text\">Kupi kurs za 197\u20ac<\/span>\n\t\t\t\t\t<\/span>\n\t\t\t\t\t<\/a>\n\t\t\t\t<\/div>\n\t\t\t\t\t\t\t\t<\/div>\n\t\t\t\t<\/div>\n\t\t\t\t\t<\/div>\n\t\t<\/div>\n\t\t\t\t\t<\/div>\n\t\t<\/section>\n\t\t\t\t\t<\/div>\n\t\t<\/div>\n\t\t\t\t\t<\/div>\n\t\t<\/section>\n\t\t\t\t<\/div>","protected":false},"excerpt":{"rendered":"<p>Video kurs A1nema\u010dki Po\u010detni kurs nema\u010dki A1 Kupi kurs za 197\u20ac Posle po\u010detnog nivoa \u0107e\u0161 ve\u0107 mo\u0107i da pri\u010da\u0161 na nema\u010dkom. \u00a0 Neverovatno, ali istinito \ud83d\ude42 \u00a0 \u017deli\u0161 odmah da sazna\u0161 po \u010demu je ovaj kurs vredan tvog vremena i novca? \u00a0 Ovo je jedini kurs na svetu koji te od prve lekcije u\u010di da [&hellip;]<\/p>\n","protected":false},"author":1,"featured_media":0,"parent":0,"menu_order":0,"comment_status":"closed","ping_status":"closed","template":"","meta":{"site-sidebar-layout":"no-sidebar","site-content-layout":"page-builder","ast-site-content-layout":"default","site-content-style":"default","site-sidebar-style":"default","ast-global-header-display":"","ast-banner-title-visibility":"","ast-main-header-display":"","ast-hfb-above-header-display":"","ast-hfb-below-header-display":"","ast-hfb-mobile-header-display":"","site-post-title":"disabled","ast-breadcrumbs-content":"","ast-featured-img":"disabled","footer-sml-layout":"","ast-disable-related-posts":"","theme-transparent-header-meta":"","adv-header-id-meta":"","stick-header-meta":"","header-above-stick-meta":"","header-main-stick-meta":"","header-below-stick-meta":"","astra-migrate-meta-layouts":"default","ast-page-background-enabled":"default","ast-page-background-meta":{"desktop":{"background-color":"var(--ast-global-color-4)","background-image":"","background-repeat":"repeat","background-position":"center center","background-size":"auto","background-attachment":"scroll","background-type":"","background-media":"","overlay-type":"","overlay-color":"","overlay-opacity":"","overlay-gradient":""},"tablet":{"background-color":"","background-image":"","background-repeat":"repeat","background-position":"center center","background-size":"auto","background-attachment":"scroll","background-type":"","background-media":"","overlay-type":"","overlay-color":"","overlay-opacity":"","overlay-gradient":""},"mobile":{"background-color":"","background-image":"","background-repeat":"repeat","background-position":"center center","background-size":"auto","background-attachment":"scroll","background-type":"","background-media":"","overlay-type":"","overlay-color":"","overlay-opacity":"","overlay-gradient":""}},"ast-content-background-meta":{"desktop":{"background-color":"var(--ast-global-color-5)","background-image":"","background-repeat":"repeat","background-position":"center center","background-size":"auto","background-attachment":"scroll","background-type":"","background-media":"","overlay-type":"","overlay-color":"","overlay-opacity":"","overlay-gradient":""},"tablet":{"background-color":"var(--ast-global-color-5)","background-image":"","background-repeat":"repeat","background-position":"center center","background-size":"auto","background-attachment":"scroll","background-type":"","background-media":"","overlay-type":"","overlay-color":"","overlay-opacity":"","overlay-gradient":""},"mobile":{"background-color":"var(--ast-global-color-5)","background-image":"","background-repeat":"repeat","background-position":"center center","background-size":"auto","background-attachment":"scroll","background-type":"","background-media":"","overlay-type":"","overlay-color":"","overlay-opacity":"","overlay-gradient":""}},"footnotes":""},"class_list":["post-4747","page","type-page","status-publish","hentry"],"_links":{"self":[{"href":"https:\/\/ivanabursac.com\/sr\/wp-json\/wp\/v2\/pages\/4747","targetHints":{"allow":["GET"]}}],"collection":[{"href":"https:\/\/ivanabursac.com\/sr\/wp-json\/wp\/v2\/pages"}],"about":[{"href":"https:\/\/ivanabursac.com\/sr\/wp-json\/wp\/v2\/types\/page"}],"author":[{"embeddable":true,"href":"https:\/\/ivanabursac.com\/sr\/wp-json\/wp\/v2\/users\/1"}],"replies":[{"embeddable":true,"href":"https:\/\/ivanabursac.com\/sr\/wp-json\/wp\/v2\/comments?post=4747"}],"version-history":[{"count":22,"href":"https:\/\/ivanabursac.com\/sr\/wp-json\/wp\/v2\/pages\/4747\/revisions"}],"predecessor-version":[{"id":5241,"href":"https:\/\/ivanabursac.com\/sr\/wp-json\/wp\/v2\/pages\/4747\/revisions\/5241"}],"wp:attachment":[{"href":"https:\/\/ivanabursac.com\/sr\/wp-json\/wp\/v2\/media?parent=4747"}],"curies":[{"name":"wp","href":"https:\/\/api.w.org\/{rel}","templated":true}]}}