{"id":6019,"date":"2024-04-25T08:19:56","date_gmt":"2024-04-25T08:19:56","guid":{"rendered":"https:\/\/ivanabursac.com\/?page_id=6019"},"modified":"2024-11-26T12:54:16","modified_gmt":"2024-11-26T12:54:16","slug":"izazov-nemackog-jezika-66-dana","status":"publish","type":"page","link":"https:\/\/ivanabursac.com\/sr\/izazov-nemackog-jezika-66-dana\/","title":{"rendered":"Izazov 66 dana"},"content":{"rendered":"\t\t<div data-elementor-type=\"wp-page\" data-elementor-id=\"6019\" class=\"elementor elementor-6019\" data-elementor-settings=\"{&quot;ha_cmc_init_switcher&quot;:&quot;no&quot;}\" data-elementor-post-type=\"page\">\n\t\t\t\t\t\t<section class=\"elementor-section elementor-top-section elementor-element elementor-element-572e0bd elementor-section-full_width elementor-section-height-default elementor-section-height-default\" data-id=\"572e0bd\" data-element_type=\"section\" data-e-type=\"section\" data-settings=\"{&quot;background_background&quot;:&quot;gradient&quot;,&quot;_ha_eqh_enable&quot;:false}\">\n\t\t\t\t\t\t\t<div class=\"elementor-background-overlay\"><\/div>\n\t\t\t\t\t\t\t<div class=\"elementor-container elementor-column-gap-default\">\n\t\t\t\t\t<div class=\"elementor-column elementor-col-100 elementor-top-column elementor-element elementor-element-76028a6e\" data-id=\"76028a6e\" data-element_type=\"column\" data-e-type=\"column\">\n\t\t\t<div class=\"elementor-widget-wrap elementor-element-populated\">\n\t\t\t\t\t\t<div class=\"elementor-element elementor-element-1612580d elementor-widget__width-initial ha-has-bg-overlay elementor-widget elementor-widget-heading\" data-id=\"1612580d\" data-element_type=\"widget\" data-e-type=\"widget\" data-widget_type=\"heading.default\">\n\t\t\t\t<div class=\"elementor-widget-container\">\n\t\t\t\t\t<h1 class=\"elementor-heading-title elementor-size-default\">Izazov \"66 dana\"<\/h1>\t\t\t\t<\/div>\n\t\t\t\t<\/div>\n\t\t\t\t\t<\/div>\n\t\t<\/div>\n\t\t\t\t\t<\/div>\n\t\t<\/section>\n\t\t\t\t<section class=\"elementor-section elementor-top-section elementor-element elementor-element-1a645d1a elementor-section-boxed elementor-section-height-default elementor-section-height-default\" data-id=\"1a645d1a\" data-element_type=\"section\" data-e-type=\"section\" data-settings=\"{&quot;_ha_eqh_enable&quot;:false}\">\n\t\t\t\t\t\t<div class=\"elementor-container elementor-column-gap-default\">\n\t\t\t\t\t<div class=\"elementor-column elementor-col-100 elementor-top-column elementor-element elementor-element-5acd56c5\" data-id=\"5acd56c5\" data-element_type=\"column\" data-e-type=\"column\">\n\t\t\t<div class=\"elementor-widget-wrap elementor-element-populated\">\n\t\t\t\t\t\t<div class=\"elementor-element elementor-element-80264d9 elementor-widget elementor-widget-heading\" data-id=\"80264d9\" data-element_type=\"widget\" data-e-type=\"widget\" data-widget_type=\"heading.default\">\n\t\t\t\t<div class=\"elementor-widget-container\">\n\t\t\t\t\t<h2 class=\"elementor-heading-title elementor-size-default\">BESPLATAN PROGRAM\nZA U\u010cENJE NEMA\u010cKOG<\/h2>\t\t\t\t<\/div>\n\t\t\t\t<\/div>\n\t\t\t\t\t<\/div>\n\t\t<\/div>\n\t\t\t\t\t<\/div>\n\t\t<\/section>\n\t\t\t\t<section class=\"elementor-section elementor-top-section elementor-element elementor-element-3bcc2136 elementor-section-boxed elementor-section-height-default elementor-section-height-default\" data-id=\"3bcc2136\" data-element_type=\"section\" data-e-type=\"section\" data-settings=\"{&quot;background_background&quot;:&quot;classic&quot;,&quot;_ha_eqh_enable&quot;:false}\">\n\t\t\t\t\t\t<div class=\"elementor-container elementor-column-gap-default\">\n\t\t\t\t\t<div class=\"elementor-column elementor-col-100 elementor-top-column elementor-element elementor-element-68b638b2\" data-id=\"68b638b2\" data-element_type=\"column\" data-e-type=\"column\" data-settings=\"{&quot;background_background&quot;:&quot;classic&quot;}\">\n\t\t\t<div class=\"elementor-widget-wrap elementor-element-populated\">\n\t\t\t\t\t<div class=\"elementor-background-overlay\"><\/div>\n\t\t\t\t\t\t<div class=\"elementor-element elementor-element-16e8c423 elementor-widget__width-initial ha-has-bg-overlay elementor-widget elementor-widget-text-editor\" data-id=\"16e8c423\" data-element_type=\"widget\" data-e-type=\"widget\" data-widget_type=\"text-editor.default\">\n\t\t\t\t<div class=\"elementor-widget-container\">\n\t\t\t\t\t\t\t\t\t<p>Da li i vi imate problem da se skoncetri\u0161ete na\u00a0<strong>redovno u\u010denje<\/strong>\u00a0nema\u010dkog jezika?<br \/>\u2013 Ne brinite, niste jedini!<\/p><p>Osmislili smo odli\u010dno re\u0161enje za redovno u\u010denje nema\u010dkog jezika \u2013\u00a0<strong>IZAZOV OD 66 DANA.<\/strong><\/p><p>Kroz izazov od 66 dana \u0107ete shvatiti da je dovoljno 15-20 minuta u\u010denja\/ve\u017ebanja svakodnevno kako bi redovno u\u010dili.<\/p>\t\t\t\t\t\t\t\t<\/div>\n\t\t\t\t<\/div>\n\t\t\t\t\t<\/div>\n\t\t<\/div>\n\t\t\t\t\t<\/div>\n\t\t<\/section>\n\t\t\t\t<section class=\"elementor-section elementor-top-section elementor-element elementor-element-119e6c46 elementor-section-content-middle elementor-section-boxed elementor-section-height-default elementor-section-height-default\" data-id=\"119e6c46\" data-element_type=\"section\" data-e-type=\"section\" data-settings=\"{&quot;background_background&quot;:&quot;classic&quot;,&quot;_ha_eqh_enable&quot;:false}\">\n\t\t\t\t\t\t<div class=\"elementor-container elementor-column-gap-no\">\n\t\t\t\t\t<div class=\"elementor-column elementor-col-100 elementor-top-column elementor-element elementor-element-1eb90b56\" data-id=\"1eb90b56\" data-element_type=\"column\" data-e-type=\"column\">\n\t\t\t<div class=\"elementor-widget-wrap elementor-element-populated\">\n\t\t\t\t\t\t<div class=\"elementor-element elementor-element-2e98699e elementor-widget elementor-widget-text-editor\" data-id=\"2e98699e\" data-element_type=\"widget\" data-e-type=\"widget\" data-widget_type=\"text-editor.default\">\n\t\t\t\t<div class=\"elementor-widget-container\">\n\t\t\t\t\t\t\t\t\t<h3>Znate li da je potrebno 66 dana da se stekne navika?<\/h3><p>Kreirali smo BESPLATAN izazov od 66 dana kako bi vam olak\u0161ali u\u010denje nema\u010dkog jezika.<\/p><p>Kako ni\u0161ta nije ve\u010dno i sve menja iz dana u dan, potrebno je da idemo u korak sa vremenom. Kada su u pitanju mo\u017edane hemisfere, dovoljno je 66 dana kako bi se stekla navika i postala prihvatljiva!<\/p><p>Tako je i sa u\u010denjem nema\u010dkog jezika, potrebna su dva uslova kako bismo dobili naviku:<\/p><p>&#8211; Potrebno je da verujemo<\/p><p>&#8211; i da ve\u017ebamo, ve\u017ebamo, ve\u017ebamo!<\/p><p>\u00a0<\/p><p>Veliki problem na\u0161ih polaznika i interesenata jeste prete\u017eno ubzan na\u010din \u017eivota. Uglavnom nemaju slobodnog vremena, a kada imaju, ne iskoriste ga na pravi na\u010din. Iz tog razloga za na\u0161 izazov je potrebno da odvojite do 15 minuta dnevno.<\/p>\t\t\t\t\t\t\t\t<\/div>\n\t\t\t\t<\/div>\n\t\t\t\t\t<\/div>\n\t\t<\/div>\n\t\t\t\t\t<\/div>\n\t\t<\/section>\n\t\t\t\t<section class=\"elementor-section elementor-top-section elementor-element elementor-element-194c113 elementor-section-boxed elementor-section-height-default elementor-section-height-default\" data-id=\"194c113\" data-element_type=\"section\" data-e-type=\"section\" data-settings=\"{&quot;background_background&quot;:&quot;classic&quot;,&quot;_ha_eqh_enable&quot;:false}\">\n\t\t\t\t\t\t<div class=\"elementor-container elementor-column-gap-default\">\n\t\t\t\t\t<div class=\"elementor-column elementor-col-100 elementor-top-column elementor-element elementor-element-233f9e3\" data-id=\"233f9e3\" data-element_type=\"column\" data-e-type=\"column\" data-settings=\"{&quot;background_background&quot;:&quot;classic&quot;}\">\n\t\t\t<div class=\"elementor-widget-wrap elementor-element-populated\">\n\t\t\t\t\t<div class=\"elementor-background-overlay\"><\/div>\n\t\t\t\t\t\t<div class=\"elementor-element elementor-element-d911a5c elementor-widget__width-initial ha-has-bg-overlay elementor-widget elementor-widget-text-editor\" data-id=\"d911a5c\" data-element_type=\"widget\" data-e-type=\"widget\" data-widget_type=\"text-editor.default\">\n\t\t\t\t<div class=\"elementor-widget-container\">\n\t\t\t\t\t\t\t\t\t<h3><b>Za koga je ovaj izazov idealan?<br \/><\/b><b><\/b><\/h3><p><b><br \/><\/b>\u2013 ukoliko ste na A1, A2, B1 ili B2 nivou<\/p><p>\u2013 ukoliko imate cilj koji je potrebno dosti\u0107i<\/p><p>\u2013 ukoliko nameravate da steknete naviku u u\u010denju<\/p><p>\u2013 ukoliko \u017eelite da odr\u017eavate va\u0161 nivo znanja<\/p><p>\u2013 ukoliko biste voleli da unapredite va\u0161e znanje<\/p>\t\t\t\t\t\t\t\t<\/div>\n\t\t\t\t<\/div>\n\t\t\t\t\t<\/div>\n\t\t<\/div>\n\t\t\t\t\t<\/div>\n\t\t<\/section>\n\t\t\t\t<section class=\"elementor-section elementor-top-section elementor-element elementor-element-52aa547 elementor-section-content-middle elementor-section-boxed elementor-section-height-default elementor-section-height-default\" data-id=\"52aa547\" data-element_type=\"section\" data-e-type=\"section\" data-settings=\"{&quot;background_background&quot;:&quot;classic&quot;,&quot;_ha_eqh_enable&quot;:false}\">\n\t\t\t\t\t\t<div class=\"elementor-container elementor-column-gap-no\">\n\t\t\t\t\t<div class=\"elementor-column elementor-col-100 elementor-top-column elementor-element elementor-element-9e73ea7\" data-id=\"9e73ea7\" data-element_type=\"column\" data-e-type=\"column\">\n\t\t\t<div class=\"elementor-widget-wrap elementor-element-populated\">\n\t\t\t\t\t\t<div class=\"elementor-element elementor-element-5f1ee92 elementor-widget elementor-widget-text-editor\" data-id=\"5f1ee92\" data-element_type=\"widget\" data-e-type=\"widget\" data-widget_type=\"text-editor.default\">\n\t\t\t\t<div class=\"elementor-widget-container\">\n\t\t\t\t\t\t\t\t\t<h3><b>Saveti za stvaranje navika<\/b><\/h3><p>Ukoliko niste sigurni da li je izazov ba\u0161 za vas, ovo su saveti koji vam mogu pomo\u0107i da se odlu\u010dite za nove navike u u\u010denju.<\/p><ol><li aria-level=\"1\">Razmislite\u00a0<b>\u0161ta\u00a0<\/b>za vas predstavlja\u00a0<i>znanje nema\u010dkog jezika<\/i>,\u00a0<b>zbog \u010dega<\/b>,\u00a0<b>kako<\/b>\u2026 Kada odgovorite na ova pitanja lak\u0161e \u0107ete sti\u0107i do \u017eeljenog cilja.<\/li><li aria-level=\"1\"><b>Po\u010dnite danas<\/b>! Ne ostavljajte ni\u0161ta za sutra! Iza\u0111ite iz komfor zone i krenite sa u\u010denjem\u00a0<strong>odmah i sada!<\/strong><\/li><li aria-level=\"1\"><b>Budite skromi<\/b>\u00a0i\u00a0<b>pohvalite sebe<\/b>! Kada krenete sa u\u010denjem odustajanja nema, ali\u00a0<i>pohvala ima<\/i>! Pohvalite sebe posle svakog ura\u0111enog zadatka\/ve\u017ebe, radite to redovno i vide\u0107ete koliko \u0107ete imati motivacije i energije da nastavite dalje.<\/li><li aria-level=\"1\"><b>Samodisciplina\u00a0<\/b>\u2013 Samodisciplinu krasi istrajnost i doslednost. Trening zvani \u201csamodisciplina\u201d dovodi vas upravo do stvaranja navike. Nijedan uspeh, ni znanje, ne mo\u017ee do\u0107i preko no\u0107i, ali redovnim ve\u017ebanjem mo\u017ee!<\/li><li aria-level=\"1\"><b>Upornost!<\/b>\u00a0Svi imamo one off dane, sigurni smo da ste i vi nekad rekli\u00a0<i>\u201cdanas mi je dan D\u201d<\/i>\u00a0ili jednostavno<i>\u00a0\u201cne ustaje mi se iz kreveta\u201d\u00a0<\/i><b>nemojte da vas to demotivi\u0161e<\/b>. Potrebno je da na taj dan gledate kao \u201czadatak\u201d posle kojeg \u0107e sve i\u0107i dosta lak\u0161e. Jer u tome i jeste stvar, kada pregurate \u201cdan D\u201d svaki slede\u0107i dan i svaki slede\u0107i zadatak je dosta jednostavniji. Tajna svakog uspeha le\u017ei u upornosti, pa i u\u010denje. Zato ne dozvolite da vas negativne misli sputavaju u tome\u2026<\/li><\/ol><p>\u00a0\u00a0\u00a0\u00a0\u00a0\u00a0\u00a0\u00a0\u00a0\u00a0\u00a0\u00a0\u00a0\u00a0\u00a0\u00a0\u00a0\u00a0\u00a0\u00a0\u00a0\u00a0\u00a0\u00a0\u00a0\u00a0<em>\u00a0\u00a0\u00a0\u00a0<strong>\u00a0\u2026. ve\u0107 se odmah prijavite na izazov od 66 dana, steknite naviku, bez gubljenja vremena!<\/strong><\/em><\/p>\t\t\t\t\t\t\t\t<\/div>\n\t\t\t\t<\/div>\n\t\t\t\t\t<\/div>\n\t\t<\/div>\n\t\t\t\t\t<\/div>\n\t\t<\/section>\n\t\t\t\t<section class=\"elementor-section elementor-top-section elementor-element elementor-element-adbf1a2 elementor-section-content-middle elementor-section-boxed elementor-section-height-default elementor-section-height-default\" data-id=\"adbf1a2\" data-element_type=\"section\" data-e-type=\"section\">\n\t\t\t\t\t\t\t<div class=\"elementor-background-overlay\"><\/div>\n\t\t\t\t\t\t\t<div class=\"elementor-container elementor-column-gap-default\">\n\t\t\t\t\t<div class=\"elementor-column elementor-col-100 elementor-top-column elementor-element elementor-element-0d43908\" data-id=\"0d43908\" data-element_type=\"column\" data-e-type=\"column\">\n\t\t\t<div class=\"elementor-widget-wrap elementor-element-populated\">\n\t\t\t\t\t\t<div class=\"elementor-element elementor-element-204adcd elementor-widget elementor-widget-heading\" data-id=\"204adcd\" data-element_type=\"widget\" data-e-type=\"widget\" data-widget_type=\"heading.default\">\n\t\t\t\t<div class=\"elementor-widget-container\">\n\t\t\t\t\t<h2 class=\"elementor-heading-title elementor-size-default\">Izazov 66 dana<\/h2>\t\t\t\t<\/div>\n\t\t\t\t<\/div>\n\t\t\t\t<div class=\"elementor-element elementor-element-52571e4 elementor-widget elementor-widget-text-editor\" data-id=\"52571e4\" data-element_type=\"widget\" data-e-type=\"widget\" data-widget_type=\"text-editor.default\">\n\t\t\t\t<div class=\"elementor-widget-container\">\n\t\t\t\t\t\t\t\t\t<p>Kako bi i vi bili deo Mogi izazova potrebno je da se<\/p><p>PRIJAVITE ZA IZAZOV OD 66 DANA<\/p>\t\t\t\t\t\t\t\t<\/div>\n\t\t\t\t<\/div>\n\t\t\t\t<div class=\"elementor-element elementor-element-b893c9b elementor-widget elementor-widget-wpforms\" data-id=\"b893c9b\" data-element_type=\"widget\" data-e-type=\"widget\" data-widget_type=\"wpforms.default\">\n\t\t\t\t<div class=\"elementor-widget-container\">\n\t\t\t\t\t<div class=\"wpforms-container \" id=\"wpforms-4447\"><form id=\"wpforms-form-4447\" class=\"wpforms-validate wpforms-form wpforms-ajax-form\" data-formid=\"4447\" method=\"post\" enctype=\"multipart\/form-data\" action=\"\/sr\/wp-json\/wp\/v2\/pages\/6019\" data-token=\"2d359bc599ae8db974e4868995245010\" data-token-time=\"1777498703\"><noscript class=\"wpforms-error-noscript\">Please enable JavaScript in your browser to complete this form.<\/noscript><div class=\"wpforms-field-container\"><div id=\"wpforms-4447-field_1-container\" class=\"wpforms-field wpforms-field-text\" data-field-id=\"1\"><label class=\"wpforms-field-label\" for=\"wpforms-4447-field_1\">Ime <span class=\"wpforms-required-label\">*<\/span><\/label><input type=\"text\" id=\"wpforms-4447-field_1\" class=\"wpforms-field-medium wpforms-field-required\" name=\"wpforms[fields][1]\" required><\/div><div id=\"wpforms-4447-field_6-container\" class=\"wpforms-field wpforms-field-text\" data-field-id=\"6\"><label class=\"wpforms-field-label\" for=\"wpforms-4447-field_6\">Prezime<\/label><input type=\"text\" id=\"wpforms-4447-field_6\" class=\"wpforms-field-medium\" name=\"wpforms[fields][6]\" ><\/div><div id=\"wpforms-4447-field_2-container\" class=\"wpforms-field wpforms-field-email\" data-field-id=\"2\"><label class=\"wpforms-field-label\" for=\"wpforms-4447-field_2\">E-mail <span class=\"wpforms-required-label\">*<\/span><\/label><input type=\"email\" id=\"wpforms-4447-field_2\" class=\"wpforms-field-medium wpforms-field-required\" name=\"wpforms[fields][2]\" spellcheck=\"false\" required><\/div><div id=\"wpforms-4447-field_7-container\" class=\"wpforms-field wpforms-field-phone\" data-field-id=\"7\"><label class=\"wpforms-field-label\" for=\"wpforms-4447-field_7\">Broj telefona sa pozivnim brojem (+49, +381...)<\/label><input type=\"tel\" id=\"wpforms-4447-field_7\" class=\"wpforms-field-medium\" data-rule-int-phone-field=\"true\" name=\"wpforms[fields][7]\" aria-label=\"Broj telefona sa pozivnim brojem (+49, +381...)\" ><\/div><\/div><!-- .wpforms-field-container --><div class=\"wpforms-recaptcha-container wpforms-is-turnstile\" ><div class=\"wpforms-turnstile\" data-sitekey=\"0x4AAAAAACEtovLE78n0CQkw\" data-action=\"FormID-4447\"><\/div><input type=\"text\" name=\"g-recaptcha-hidden\" class=\"wpforms-recaptcha-hidden\" style=\"position:absolute!important;clip:rect(0,0,0,0)!important;height:1px!important;width:1px!important;border:0!important;overflow:hidden!important;padding:0!important;margin:0!important;\" data-rule-turnstile=\"1\"><\/div><div class=\"wpforms-submit-container\" ><input type=\"hidden\" name=\"wpforms[id]\" value=\"4447\"><input type=\"hidden\" name=\"page_title\" value=\"\"><input type=\"hidden\" name=\"page_url\" value=\"https:\/\/ivanabursac.com\/sr\/wp-json\/wp\/v2\/pages\/6019\"><input type=\"hidden\" name=\"url_referer\" value=\"\"><button type=\"submit\" name=\"wpforms[submit]\" id=\"wpforms-submit-4447\" class=\"wpforms-submit\" data-alt-text=\"\u0160alje se...\" data-submit-text=\"Po\u0161alji\" aria-live=\"assertive\" value=\"wpforms-submit\">Po\u0161alji<\/button><img decoding=\"async\" src=\"https:\/\/ivanabursac.com\/wp-content\/plugins\/wpforms\/assets\/images\/submit-spin.svg\" class=\"wpforms-submit-spinner\" style=\"display: none;\" width=\"26\" height=\"26\" alt=\"Loading\"><\/div><\/form><\/div>  <!-- .wpforms-container -->\t\t\t\t<\/div>\n\t\t\t\t<\/div>\n\t\t\t\t\t<\/div>\n\t\t<\/div>\n\t\t\t\t\t<\/div>\n\t\t<\/section>\n\t\t\t\t<\/div>\n\t\t","protected":false},"excerpt":{"rendered":"<p>Izazov &#8220;66 dana&#8221; BESPLATAN PROGRAM ZA U\u010cENJE NEMA\u010cKOG Da li i vi imate problem da se skoncetri\u0161ete na\u00a0redovno u\u010denje\u00a0nema\u010dkog jezika?\u2013 Ne brinite, niste jedini! Osmislili smo odli\u010dno re\u0161enje za redovno u\u010denje nema\u010dkog jezika \u2013\u00a0IZAZOV OD 66 DANA. Kroz izazov od 66 dana \u0107ete shvatiti da je dovoljno 15-20 minuta u\u010denja\/ve\u017ebanja svakodnevno kako bi redovno u\u010dili. [&hellip;]<\/p>\n","protected":false},"author":1,"featured_media":0,"parent":0,"menu_order":0,"comment_status":"closed","ping_status":"closed","template":"","meta":{"site-sidebar-layout":"no-sidebar","site-content-layout":"page-builder","ast-site-content-layout":"default","site-content-style":"default","site-sidebar-style":"default","ast-global-header-display":"","ast-banner-title-visibility":"","ast-main-header-display":"","ast-hfb-above-header-display":"","ast-hfb-below-header-display":"","ast-hfb-mobile-header-display":"","site-post-title":"disabled","ast-breadcrumbs-content":"","ast-featured-img":"disabled","footer-sml-layout":"","ast-disable-related-posts":"","theme-transparent-header-meta":"","adv-header-id-meta":"","stick-header-meta":"","header-above-stick-meta":"","header-main-stick-meta":"","header-below-stick-meta":"","astra-migrate-meta-layouts":"default","ast-page-background-enabled":"default","ast-page-background-meta":{"desktop":{"background-color":"var(--ast-global-color-4)","background-image":"","background-repeat":"repeat","background-position":"center center","background-size":"auto","background-attachment":"scroll","background-type":"","background-media":"","overlay-type":"","overlay-color":"","overlay-opacity":"","overlay-gradient":""},"tablet":{"background-color":"","background-image":"","background-repeat":"repeat","background-position":"center center","background-size":"auto","background-attachment":"scroll","background-type":"","background-media":"","overlay-type":"","overlay-color":"","overlay-opacity":"","overlay-gradient":""},"mobile":{"background-color":"","background-image":"","background-repeat":"repeat","background-position":"center center","background-size":"auto","background-attachment":"scroll","background-type":"","background-media":"","overlay-type":"","overlay-color":"","overlay-opacity":"","overlay-gradient":""}},"ast-content-background-meta":{"desktop":{"background-color":"var(--ast-global-color-5)","background-image":"","background-repeat":"repeat","background-position":"center center","background-size":"auto","background-attachment":"scroll","background-type":"","background-media":"","overlay-type":"","overlay-color":"","overlay-opacity":"","overlay-gradient":""},"tablet":{"background-color":"var(--ast-global-color-5)","background-image":"","background-repeat":"repeat","background-position":"center center","background-size":"auto","background-attachment":"scroll","background-type":"","background-media":"","overlay-type":"","overlay-color":"","overlay-opacity":"","overlay-gradient":""},"mobile":{"background-color":"var(--ast-global-color-5)","background-image":"","background-repeat":"repeat","background-position":"center center","background-size":"auto","background-attachment":"scroll","background-type":"","background-media":"","overlay-type":"","overlay-color":"","overlay-opacity":"","overlay-gradient":""}},"footnotes":""},"class_list":["post-6019","page","type-page","status-publish","hentry"],"_links":{"self":[{"href":"https:\/\/ivanabursac.com\/sr\/wp-json\/wp\/v2\/pages\/6019","targetHints":{"allow":["GET"]}}],"collection":[{"href":"https:\/\/ivanabursac.com\/sr\/wp-json\/wp\/v2\/pages"}],"about":[{"href":"https:\/\/ivanabursac.com\/sr\/wp-json\/wp\/v2\/types\/page"}],"author":[{"embeddable":true,"href":"https:\/\/ivanabursac.com\/sr\/wp-json\/wp\/v2\/users\/1"}],"replies":[{"embeddable":true,"href":"https:\/\/ivanabursac.com\/sr\/wp-json\/wp\/v2\/comments?post=6019"}],"version-history":[{"count":40,"href":"https:\/\/ivanabursac.com\/sr\/wp-json\/wp\/v2\/pages\/6019\/revisions"}],"predecessor-version":[{"id":7208,"href":"https:\/\/ivanabursac.com\/sr\/wp-json\/wp\/v2\/pages\/6019\/revisions\/7208"}],"wp:attachment":[{"href":"https:\/\/ivanabursac.com\/sr\/wp-json\/wp\/v2\/media?parent=6019"}],"curies":[{"name":"wp","href":"https:\/\/api.w.org\/{rel}","templated":true}]}}