{"id":6715,"date":"2024-10-04T07:18:22","date_gmt":"2024-10-04T07:18:22","guid":{"rendered":"https:\/\/ivanabursac.com\/?page_id=6715"},"modified":"2024-11-26T12:52:45","modified_gmt":"2024-11-26T12:52:45","slug":"tipucenja","status":"publish","type":"page","link":"https:\/\/ivanabursac.com\/sr\/programi\/tipucenja\/","title":{"rendered":"Test &#8211; Tip u\u010denja"},"content":{"rendered":"\t\t<div data-elementor-type=\"wp-page\" data-elementor-id=\"6715\" class=\"elementor elementor-6715\" data-elementor-settings=\"{&quot;ha_cmc_init_switcher&quot;:&quot;no&quot;}\" data-elementor-post-type=\"page\">\n\t\t\t\t\t\t<section class=\"elementor-section elementor-top-section elementor-element elementor-element-ccd8054 elementor-section-boxed elementor-section-height-default elementor-section-height-default\" data-id=\"ccd8054\" data-element_type=\"section\" data-e-type=\"section\" data-settings=\"{&quot;_ha_eqh_enable&quot;:false}\">\n\t\t\t\t\t\t<div class=\"elementor-container elementor-column-gap-default\">\n\t\t\t\t\t<div class=\"elementor-column elementor-col-100 elementor-top-column elementor-element elementor-element-02fc425\" data-id=\"02fc425\" data-element_type=\"column\" data-e-type=\"column\">\n\t\t\t<div class=\"elementor-widget-wrap elementor-element-populated\">\n\t\t\t\t\t\t<div class=\"elementor-element elementor-element-643f074 elementor-widget__width-inherit elementor-widget elementor-widget-image\" data-id=\"643f074\" data-element_type=\"widget\" data-e-type=\"widget\" data-widget_type=\"image.default\">\n\t\t\t\t<div class=\"elementor-widget-container\">\n\t\t\t\t\t\t\t\t\t\t\t\t\t\t\t<img fetchpriority=\"high\" decoding=\"async\" width=\"1280\" height=\"720\" src=\"https:\/\/ivanabursac.com\/wp-content\/uploads\/2024\/10\/YT-thumbnails-4.png\" class=\"attachment-2048x2048 size-2048x2048 wp-image-6717\" alt=\"\" srcset=\"https:\/\/ivanabursac.com\/wp-content\/uploads\/2024\/10\/YT-thumbnails-4.png 1280w, https:\/\/ivanabursac.com\/wp-content\/uploads\/2024\/10\/YT-thumbnails-4-300x169.png 300w, https:\/\/ivanabursac.com\/wp-content\/uploads\/2024\/10\/YT-thumbnails-4-1024x576.png 1024w, https:\/\/ivanabursac.com\/wp-content\/uploads\/2024\/10\/YT-thumbnails-4-768x432.png 768w, https:\/\/ivanabursac.com\/wp-content\/uploads\/2024\/10\/YT-thumbnails-4-18x10.png 18w, https:\/\/ivanabursac.com\/wp-content\/uploads\/2024\/10\/YT-thumbnails-4-600x338.png 600w\" sizes=\"(max-width: 1280px) 100vw, 1280px\" \/>\t\t\t\t\t\t\t\t\t\t\t\t\t\t\t<\/div>\n\t\t\t\t<\/div>\n\t\t\t\t\t<\/div>\n\t\t<\/div>\n\t\t\t\t\t<\/div>\n\t\t<\/section>\n\t\t\t\t<section class=\"elementor-section elementor-top-section elementor-element elementor-element-ff492ce elementor-section-boxed elementor-section-height-default elementor-section-height-default\" data-id=\"ff492ce\" data-element_type=\"section\" data-e-type=\"section\" data-settings=\"{&quot;_ha_eqh_enable&quot;:false}\">\n\t\t\t\t\t\t<div class=\"elementor-container elementor-column-gap-default\">\n\t\t\t\t\t<div class=\"elementor-column elementor-col-100 elementor-top-column elementor-element elementor-element-73f6e2a\" data-id=\"73f6e2a\" data-element_type=\"column\" data-e-type=\"column\">\n\t\t\t<div class=\"elementor-widget-wrap elementor-element-populated\">\n\t\t\t\t\t\t<div class=\"elementor-element elementor-element-e77c18c elementor-widget elementor-widget-text-editor\" data-id=\"e77c18c\" data-element_type=\"widget\" data-e-type=\"widget\" data-widget_type=\"text-editor.default\">\n\t\t\t\t<div class=\"elementor-widget-container\">\n\t\t\t\t\t\t\t\t\t<p>Svako u\u010di na svoj na\u010din \u2013 ali zna\u0161 li koji je tvoj stil u\u010denja? Na\u0161i besplatni test \u0107e ti pomo\u0107i da otkrije\u0161 kako najbolje usvaja\u0161 nova znanja i ve\u0161tine. Da li si vizuelni, auditivni ili kinesteti\u010dki tip u\u010denika? Saznaj i po\u010dni da u\u010di\u0161 efikasnije!<\/p>\t\t\t\t\t\t\t\t<\/div>\n\t\t\t\t<\/div>\n\t\t\t\t\t<\/div>\n\t\t<\/div>\n\t\t\t\t\t<\/div>\n\t\t<\/section>\n\t\t\t\t<section class=\"elementor-section elementor-top-section elementor-element elementor-element-484a650 elementor-section-boxed elementor-section-height-default elementor-section-height-default\" data-id=\"484a650\" data-element_type=\"section\" data-e-type=\"section\" data-settings=\"{&quot;_ha_eqh_enable&quot;:false}\">\n\t\t\t\t\t\t<div class=\"elementor-container elementor-column-gap-default\">\n\t\t\t\t\t<div class=\"elementor-column elementor-col-100 elementor-top-column elementor-element elementor-element-a043341\" data-id=\"a043341\" data-element_type=\"column\" data-e-type=\"column\">\n\t\t\t<div class=\"elementor-widget-wrap elementor-element-populated\">\n\t\t\t\t\t\t<div class=\"elementor-element elementor-element-e3499ff elementor-widget elementor-widget-text-editor\" data-id=\"e3499ff\" data-element_type=\"widget\" data-e-type=\"widget\" data-widget_type=\"text-editor.default\">\n\t\t\t\t<div class=\"elementor-widget-container\">\n\t\t\t\t\t\t\t\t\t<h1><b>\u0160TA DOBIJA\u0160?<\/b><\/h1>\t\t\t\t\t\t\t\t<\/div>\n\t\t\t\t<\/div>\n\t\t\t\t\t<\/div>\n\t\t<\/div>\n\t\t\t\t\t<\/div>\n\t\t<\/section>\n\t\t\t\t<section class=\"elementor-section elementor-top-section elementor-element elementor-element-703010c elementor-section-boxed elementor-section-height-default elementor-section-height-default\" data-id=\"703010c\" data-element_type=\"section\" data-e-type=\"section\" data-settings=\"{&quot;_ha_eqh_enable&quot;:false}\">\n\t\t\t\t\t\t<div class=\"elementor-container elementor-column-gap-default\">\n\t\t\t\t\t<div class=\"elementor-column elementor-col-33 elementor-top-column elementor-element elementor-element-76b995c\" data-id=\"76b995c\" data-element_type=\"column\" data-e-type=\"column\">\n\t\t\t<div class=\"elementor-widget-wrap elementor-element-populated\">\n\t\t\t\t\t\t<div class=\"elementor-element elementor-element-f71b409 elementor-widget elementor-widget-image\" data-id=\"f71b409\" data-element_type=\"widget\" data-e-type=\"widget\" data-widget_type=\"image.default\">\n\t\t\t\t<div class=\"elementor-widget-container\">\n\t\t\t\t\t\t\t\t\t\t\t\t\t\t\t<img decoding=\"async\" width=\"500\" height=\"500\" src=\"https:\/\/ivanabursac.com\/wp-content\/uploads\/2024\/10\/2.png\" class=\"attachment-large size-large wp-image-6718\" alt=\"\" srcset=\"https:\/\/ivanabursac.com\/wp-content\/uploads\/2024\/10\/2.png 500w, https:\/\/ivanabursac.com\/wp-content\/uploads\/2024\/10\/2-300x300.png 300w, https:\/\/ivanabursac.com\/wp-content\/uploads\/2024\/10\/2-150x150.png 150w, https:\/\/ivanabursac.com\/wp-content\/uploads\/2024\/10\/2-12x12.png 12w, https:\/\/ivanabursac.com\/wp-content\/uploads\/2024\/10\/2-100x100.png 100w\" sizes=\"(max-width: 500px) 100vw, 500px\" \/>\t\t\t\t\t\t\t\t\t\t\t\t\t\t\t<\/div>\n\t\t\t\t<\/div>\n\t\t\t\t\t<\/div>\n\t\t<\/div>\n\t\t\t\t<div class=\"elementor-column elementor-col-33 elementor-top-column elementor-element elementor-element-660b694\" data-id=\"660b694\" data-element_type=\"column\" data-e-type=\"column\">\n\t\t\t<div class=\"elementor-widget-wrap elementor-element-populated\">\n\t\t\t\t\t\t<div class=\"elementor-element elementor-element-503621f elementor-widget elementor-widget-image\" data-id=\"503621f\" data-element_type=\"widget\" data-e-type=\"widget\" data-widget_type=\"image.default\">\n\t\t\t\t<div class=\"elementor-widget-container\">\n\t\t\t\t\t\t\t\t\t\t\t\t\t\t\t<img decoding=\"async\" width=\"500\" height=\"500\" src=\"https:\/\/ivanabursac.com\/wp-content\/uploads\/2024\/10\/1.png\" class=\"attachment-large size-large wp-image-6719\" alt=\"\" srcset=\"https:\/\/ivanabursac.com\/wp-content\/uploads\/2024\/10\/1.png 500w, https:\/\/ivanabursac.com\/wp-content\/uploads\/2024\/10\/1-300x300.png 300w, https:\/\/ivanabursac.com\/wp-content\/uploads\/2024\/10\/1-150x150.png 150w, https:\/\/ivanabursac.com\/wp-content\/uploads\/2024\/10\/1-12x12.png 12w, https:\/\/ivanabursac.com\/wp-content\/uploads\/2024\/10\/1-100x100.png 100w\" sizes=\"(max-width: 500px) 100vw, 500px\" \/>\t\t\t\t\t\t\t\t\t\t\t\t\t\t\t<\/div>\n\t\t\t\t<\/div>\n\t\t\t\t\t<\/div>\n\t\t<\/div>\n\t\t\t\t<div class=\"elementor-column elementor-col-33 elementor-top-column elementor-element elementor-element-70bef40\" data-id=\"70bef40\" data-element_type=\"column\" data-e-type=\"column\">\n\t\t\t<div class=\"elementor-widget-wrap elementor-element-populated\">\n\t\t\t\t\t\t<div class=\"elementor-element elementor-element-a156452 elementor-widget elementor-widget-image\" data-id=\"a156452\" data-element_type=\"widget\" data-e-type=\"widget\" data-widget_type=\"image.default\">\n\t\t\t\t<div class=\"elementor-widget-container\">\n\t\t\t\t\t\t\t\t\t\t\t\t\t\t\t<img loading=\"lazy\" decoding=\"async\" width=\"500\" height=\"500\" src=\"https:\/\/ivanabursac.com\/wp-content\/uploads\/2024\/10\/3.png\" class=\"attachment-large size-large wp-image-6720\" alt=\"\" srcset=\"https:\/\/ivanabursac.com\/wp-content\/uploads\/2024\/10\/3.png 500w, https:\/\/ivanabursac.com\/wp-content\/uploads\/2024\/10\/3-300x300.png 300w, https:\/\/ivanabursac.com\/wp-content\/uploads\/2024\/10\/3-150x150.png 150w, https:\/\/ivanabursac.com\/wp-content\/uploads\/2024\/10\/3-12x12.png 12w, https:\/\/ivanabursac.com\/wp-content\/uploads\/2024\/10\/3-100x100.png 100w\" sizes=\"(max-width: 500px) 100vw, 500px\" \/>\t\t\t\t\t\t\t\t\t\t\t\t\t\t\t<\/div>\n\t\t\t\t<\/div>\n\t\t\t\t\t<\/div>\n\t\t<\/div>\n\t\t\t\t\t<\/div>\n\t\t<\/section>\n\t\t\t\t<section class=\"elementor-section elementor-top-section elementor-element elementor-element-bd0080d elementor-section-boxed elementor-section-height-default elementor-section-height-default\" data-id=\"bd0080d\" data-element_type=\"section\" data-e-type=\"section\" data-settings=\"{&quot;_ha_eqh_enable&quot;:false}\">\n\t\t\t\t\t\t<div class=\"elementor-container elementor-column-gap-default\">\n\t\t\t\t\t<div class=\"elementor-column elementor-col-33 elementor-top-column elementor-element elementor-element-3d6084d\" data-id=\"3d6084d\" data-element_type=\"column\" data-e-type=\"column\">\n\t\t\t<div class=\"elementor-widget-wrap elementor-element-populated\">\n\t\t\t\t\t\t<div class=\"elementor-element elementor-element-31af5ec elementor-widget elementor-widget-text-editor\" data-id=\"31af5ec\" data-element_type=\"widget\" data-e-type=\"widget\" data-widget_type=\"text-editor.default\">\n\t\t\t\t<div class=\"elementor-widget-container\">\n\t\t\t\t\t\t\t\t\t<p><b>Brz i jednostavan test<\/b><\/p>\n<p>zavr\u0161i za manje od 5 minuta<b><br><\/b><\/p>\t\t\t\t\t\t\t\t<\/div>\n\t\t\t\t<\/div>\n\t\t\t\t\t<\/div>\n\t\t<\/div>\n\t\t\t\t<div class=\"elementor-column elementor-col-33 elementor-top-column elementor-element elementor-element-ae24886\" data-id=\"ae24886\" data-element_type=\"column\" data-e-type=\"column\">\n\t\t\t<div class=\"elementor-widget-wrap elementor-element-populated\">\n\t\t\t\t\t\t<div class=\"elementor-element elementor-element-b52d582 elementor-widget elementor-widget-text-editor\" data-id=\"b52d582\" data-element_type=\"widget\" data-e-type=\"widget\" data-widget_type=\"text-editor.default\">\n\t\t\t\t<div class=\"elementor-widget-container\">\n\t\t\t\t\t\t\t\t\t<p><b>Personalizovane preporuke<\/b><\/p><p>za unapre\u0111enje u\u010denja.<\/p>\t\t\t\t\t\t\t\t<\/div>\n\t\t\t\t<\/div>\n\t\t\t\t\t<\/div>\n\t\t<\/div>\n\t\t\t\t<div class=\"elementor-column elementor-col-33 elementor-top-column elementor-element elementor-element-584b739\" data-id=\"584b739\" data-element_type=\"column\" data-e-type=\"column\">\n\t\t\t<div class=\"elementor-widget-wrap elementor-element-populated\">\n\t\t\t\t\t\t<div class=\"elementor-element elementor-element-49063d6 elementor-widget elementor-widget-text-editor\" data-id=\"49063d6\" data-element_type=\"widget\" data-e-type=\"widget\" data-widget_type=\"text-editor.default\">\n\t\t\t\t<div class=\"elementor-widget-container\">\n\t\t\t\t\t\t\t\t\t<p><strong>Prakti\u010dni saveti<\/strong>\u00a0<\/p><p>koji \u0107e ti pomo\u0107i da u\u010di\u0161 br\u017ee i lak\u0161e.<\/p>\t\t\t\t\t\t\t\t<\/div>\n\t\t\t\t<\/div>\n\t\t\t\t\t<\/div>\n\t\t<\/div>\n\t\t\t\t\t<\/div>\n\t\t<\/section>\n\t\t\t\t<section class=\"elementor-section elementor-top-section elementor-element elementor-element-e1b43d5 elementor-section-boxed elementor-section-height-default elementor-section-height-default\" data-id=\"e1b43d5\" data-element_type=\"section\" data-e-type=\"section\" data-settings=\"{&quot;_ha_eqh_enable&quot;:false}\">\n\t\t\t\t\t\t<div class=\"elementor-container elementor-column-gap-default\">\n\t\t\t\t\t<div class=\"elementor-column elementor-col-100 elementor-top-column elementor-element elementor-element-9ce8465\" data-id=\"9ce8465\" data-element_type=\"column\" data-e-type=\"column\">\n\t\t\t<div class=\"elementor-widget-wrap elementor-element-populated\">\n\t\t\t\t\t\t<div class=\"elementor-element elementor-element-16129da elementor-widget-divider--view-line elementor-widget elementor-widget-divider\" data-id=\"16129da\" data-element_type=\"widget\" data-e-type=\"widget\" data-widget_type=\"divider.default\">\n\t\t\t\t<div class=\"elementor-widget-container\">\n\t\t\t\t\t\t\t<div class=\"elementor-divider\">\n\t\t\t<span class=\"elementor-divider-separator\">\n\t\t\t\t\t\t<\/span>\n\t\t<\/div>\n\t\t\t\t\t\t<\/div>\n\t\t\t\t<\/div>\n\t\t\t\t\t<\/div>\n\t\t<\/div>\n\t\t\t\t\t<\/div>\n\t\t<\/section>\n\t\t\t\t<section class=\"elementor-section elementor-top-section elementor-element elementor-element-783ba0c elementor-section-boxed elementor-section-height-default elementor-section-height-default\" data-id=\"783ba0c\" data-element_type=\"section\" data-e-type=\"section\" data-settings=\"{&quot;_ha_eqh_enable&quot;:false}\">\n\t\t\t\t\t\t<div class=\"elementor-container elementor-column-gap-default\">\n\t\t\t\t\t<div class=\"elementor-column elementor-col-50 elementor-top-column elementor-element elementor-element-2763855\" data-id=\"2763855\" data-element_type=\"column\" data-e-type=\"column\">\n\t\t\t<div class=\"elementor-widget-wrap elementor-element-populated\">\n\t\t\t\t\t\t<div class=\"elementor-element elementor-element-539fca6 elementor-widget elementor-widget-text-editor\" data-id=\"539fca6\" data-element_type=\"widget\" data-e-type=\"widget\" data-widget_type=\"text-editor.default\">\n\t\t\t\t<div class=\"elementor-widget-container\">\n\t\t\t\t\t\t\t\t\t<h2><b>\u00a0 \u00a0Za koga je ovaj test?<\/b><\/h2><p>Ovaj test je za sve koji \u017eele da otkriju kako da se fokusiraju bolje, pamte vi\u0161e i br\u017ee savladaju nove teme. Bilo da si u\u010denik, student, zaposlen ili jednostavno voli\u0161 da usvaja\u0161 nova znanja \u2013 ovaj test ti daje klju\u010d za uspeh!<\/p><p>\u00a0<\/p><p>\u00a0<\/p><h2>\u00a0 \u00a0 <b>Kako funkcioni\u0161e?<\/b><\/h2><ol><li>Odgovori na nekoliko pitanja.<\/li><li>Saznaj svoj stil u\u010denja.<\/li><li>Primeni na\u0161e savete i postani majstor u\u010denja!<\/li><\/ol>\t\t\t\t\t\t\t\t<\/div>\n\t\t\t\t<\/div>\n\t\t\t\t\t<\/div>\n\t\t<\/div>\n\t\t\t\t<div class=\"elementor-column elementor-col-50 elementor-top-column elementor-element elementor-element-54aea45\" data-id=\"54aea45\" data-element_type=\"column\" data-e-type=\"column\">\n\t\t\t<div class=\"elementor-widget-wrap elementor-element-populated\">\n\t\t\t\t\t\t<div class=\"elementor-element elementor-element-a869f8f elementor-widget elementor-widget-image\" data-id=\"a869f8f\" data-element_type=\"widget\" data-e-type=\"widget\" data-widget_type=\"image.default\">\n\t\t\t\t<div class=\"elementor-widget-container\">\n\t\t\t\t\t\t\t\t\t\t\t\t\t\t\t<img loading=\"lazy\" decoding=\"async\" width=\"500\" height=\"500\" src=\"https:\/\/ivanabursac.com\/wp-content\/uploads\/2024\/10\/Untitled-design-12.png\" class=\"attachment-large size-large wp-image-6721\" alt=\"\" srcset=\"https:\/\/ivanabursac.com\/wp-content\/uploads\/2024\/10\/Untitled-design-12.png 500w, https:\/\/ivanabursac.com\/wp-content\/uploads\/2024\/10\/Untitled-design-12-300x300.png 300w, https:\/\/ivanabursac.com\/wp-content\/uploads\/2024\/10\/Untitled-design-12-150x150.png 150w, https:\/\/ivanabursac.com\/wp-content\/uploads\/2024\/10\/Untitled-design-12-12x12.png 12w, https:\/\/ivanabursac.com\/wp-content\/uploads\/2024\/10\/Untitled-design-12-100x100.png 100w\" sizes=\"(max-width: 500px) 100vw, 500px\" \/>\t\t\t\t\t\t\t\t\t\t\t\t\t\t\t<\/div>\n\t\t\t\t<\/div>\n\t\t\t\t\t<\/div>\n\t\t<\/div>\n\t\t\t\t\t<\/div>\n\t\t<\/section>\n\t\t\t\t<section class=\"elementor-section elementor-top-section elementor-element elementor-element-3a9e0b3 elementor-section-boxed elementor-section-height-default elementor-section-height-default\" data-id=\"3a9e0b3\" data-element_type=\"section\" data-e-type=\"section\" data-settings=\"{&quot;_ha_eqh_enable&quot;:false}\">\n\t\t\t\t\t\t<div class=\"elementor-container elementor-column-gap-default\">\n\t\t\t\t\t<div class=\"elementor-column elementor-col-100 elementor-top-column elementor-element elementor-element-e84e97c\" data-id=\"e84e97c\" data-element_type=\"column\" data-e-type=\"column\">\n\t\t\t<div class=\"elementor-widget-wrap elementor-element-populated\">\n\t\t\t\t\t\t<div class=\"elementor-element elementor-element-e900231 elementor-widget elementor-widget-text-editor\" data-id=\"e900231\" data-element_type=\"widget\" data-e-type=\"widget\" data-widget_type=\"text-editor.default\">\n\t\t\t\t<div class=\"elementor-widget-container\">\n\t\t\t\t\t\t\t\t\t<h2><b>PRIJAVI SE ZA BESPLATAN TEST<\/b><\/h2>\t\t\t\t\t\t\t\t<\/div>\n\t\t\t\t<\/div>\n\t\t\t\t\t<\/div>\n\t\t<\/div>\n\t\t\t\t\t<\/div>\n\t\t<\/section>\n\t\t\t\t<section class=\"elementor-section elementor-top-section elementor-element elementor-element-edd9554 elementor-section-boxed elementor-section-height-default elementor-section-height-default\" data-id=\"edd9554\" data-element_type=\"section\" data-e-type=\"section\" data-settings=\"{&quot;_ha_eqh_enable&quot;:false}\">\n\t\t\t\t\t\t<div class=\"elementor-container elementor-column-gap-default\">\n\t\t\t\t\t<div class=\"elementor-column elementor-col-100 elementor-top-column elementor-element elementor-element-ee274d4\" data-id=\"ee274d4\" data-element_type=\"column\" data-e-type=\"column\">\n\t\t\t<div class=\"elementor-widget-wrap elementor-element-populated\">\n\t\t\t\t\t\t<div class=\"elementor-element elementor-element-d43caa8 elementor-widget elementor-widget-wpforms\" data-id=\"d43caa8\" data-element_type=\"widget\" data-e-type=\"widget\" data-widget_type=\"wpforms.default\">\n\t\t\t\t<div class=\"elementor-widget-container\">\n\t\t\t\t\t<div class=\"wpforms-container \" id=\"wpforms-6722\"><form id=\"wpforms-form-6722\" class=\"wpforms-validate wpforms-form wpforms-ajax-form\" data-formid=\"6722\" method=\"post\" enctype=\"multipart\/form-data\" action=\"\/sr\/wp-json\/wp\/v2\/pages\/6715\" data-token=\"18f876094967315531294f32b6116618\" data-token-time=\"1778238754\"><noscript class=\"wpforms-error-noscript\">Please enable JavaScript in your browser to complete this form.<\/noscript><div class=\"wpforms-field-container\"><div id=\"wpforms-6722-field_2-container\" class=\"wpforms-field wpforms-field-email\" data-field-id=\"2\"><label class=\"wpforms-field-label\" for=\"wpforms-6722-field_2\">Email <span class=\"wpforms-required-label\">*<\/span><\/label><input type=\"email\" id=\"wpforms-6722-field_2\" class=\"wpforms-field-large wpforms-field-required\" name=\"wpforms[fields][2]\" spellcheck=\"false\" required><\/div><div id=\"wpforms-6722-field_3-container\" class=\"wpforms-field wpforms-field-name\" data-field-id=\"3\"><label class=\"wpforms-field-label\">Ime i prezime <span class=\"wpforms-required-label\">*<\/span><\/label><div class=\"wpforms-field-row wpforms-field-medium\"><div class=\"wpforms-field-row-block wpforms-first wpforms-one-half\"><input type=\"text\" id=\"wpforms-6722-field_3\" class=\"wpforms-field-name-first wpforms-field-required\" name=\"wpforms[fields][3][first]\" required><label for=\"wpforms-6722-field_3\" class=\"wpforms-field-sublabel after\">First<\/label><\/div><div class=\"wpforms-field-row-block wpforms-one-half\"><input type=\"text\" id=\"wpforms-6722-field_3-last\" class=\"wpforms-field-name-last wpforms-field-required\" name=\"wpforms[fields][3][last]\" required><label for=\"wpforms-6722-field_3-last\" class=\"wpforms-field-sublabel after\">Last<\/label><\/div><\/div><\/div><div id=\"wpforms-6722-field_4-container\" class=\"wpforms-field wpforms-field-phone\" data-field-id=\"4\"><label class=\"wpforms-field-label\" for=\"wpforms-6722-field_4\">Broj telefona sa pozivnim brojem (+49, +381...)<\/label><input type=\"tel\" id=\"wpforms-6722-field_4\" class=\"wpforms-field-medium\" data-rule-int-phone-field=\"true\" name=\"wpforms[fields][4]\" aria-label=\"Broj telefona sa pozivnim brojem (+49, +381...)\" ><\/div><\/div><!-- .wpforms-field-container --><div class=\"wpforms-submit-container\" ><input type=\"hidden\" name=\"wpforms[id]\" value=\"6722\"><input type=\"hidden\" name=\"page_title\" value=\"\"><input type=\"hidden\" name=\"page_url\" value=\"https:\/\/ivanabursac.com\/sr\/wp-json\/wp\/v2\/pages\/6715\"><input type=\"hidden\" name=\"url_referer\" value=\"\"><button type=\"submit\" name=\"wpforms[submit]\" id=\"wpforms-submit-6722\" class=\"wpforms-submit\" data-alt-text=\"\u0160alje se...\" data-submit-text=\"PRIJAVI SE\" aria-live=\"assertive\" value=\"wpforms-submit\">PRIJAVI SE<\/button><img loading=\"lazy\" decoding=\"async\" src=\"https:\/\/ivanabursac.com\/wp-content\/plugins\/wpforms\/assets\/images\/submit-spin.svg\" class=\"wpforms-submit-spinner\" style=\"display: none;\" width=\"26\" height=\"26\" alt=\"Loading\"><\/div><\/form><\/div>  <!-- .wpforms-container -->\t\t\t\t<\/div>\n\t\t\t\t<\/div>\n\t\t\t\t\t<\/div>\n\t\t<\/div>\n\t\t\t\t\t<\/div>\n\t\t<\/section>\n\t\t\t\t<\/div>\n\t\t","protected":false},"excerpt":{"rendered":"<p>Svako u\u010di na svoj na\u010din \u2013 ali zna\u0161 li koji je tvoj stil u\u010denja? Na\u0161i besplatni test \u0107e ti pomo\u0107i da otkrije\u0161 kako najbolje usvaja\u0161 nova znanja i ve\u0161tine. Da li si vizuelni, auditivni ili kinesteti\u010dki tip u\u010denika? Saznaj i po\u010dni da u\u010di\u0161 efikasnije! \u0160TA DOBIJA\u0160? Brz i jednostavan test zavr\u0161i za manje od 5 [&hellip;]<\/p>\n","protected":false},"author":1,"featured_media":6717,"parent":15,"menu_order":0,"comment_status":"closed","ping_status":"closed","template":"","meta":{"site-sidebar-layout":"no-sidebar","site-content-layout":"page-builder","ast-site-content-layout":"full-width-container","site-content-style":"default","site-sidebar-style":"default","ast-global-header-display":"","ast-banner-title-visibility":"","ast-main-header-display":"","ast-hfb-above-header-display":"","ast-hfb-below-header-display":"","ast-hfb-mobile-header-display":"","site-post-title":"disabled","ast-breadcrumbs-content":"","ast-featured-img":"disabled","footer-sml-layout":"","ast-disable-related-posts":"","theme-transparent-header-meta":"","adv-header-id-meta":"","stick-header-meta":"","header-above-stick-meta":"","header-main-stick-meta":"","header-below-stick-meta":"","astra-migrate-meta-layouts":"set","ast-page-background-enabled":"default","ast-page-background-meta":{"desktop":{"background-color":"var(--ast-global-color-4)","background-image":"","background-repeat":"repeat","background-position":"center center","background-size":"auto","background-attachment":"scroll","background-type":"","background-media":"","overlay-type":"","overlay-color":"","overlay-opacity":"","overlay-gradient":""},"tablet":{"background-color":"","background-image":"","background-repeat":"repeat","background-position":"center center","background-size":"auto","background-attachment":"scroll","background-type":"","background-media":"","overlay-type":"","overlay-color":"","overlay-opacity":"","overlay-gradient":""},"mobile":{"background-color":"","background-image":"","background-repeat":"repeat","background-position":"center center","background-size":"auto","background-attachment":"scroll","background-type":"","background-media":"","overlay-type":"","overlay-color":"","overlay-opacity":"","overlay-gradient":""}},"ast-content-background-meta":{"desktop":{"background-color":"var(--ast-global-color-5)","background-image":"","background-repeat":"repeat","background-position":"center center","background-size":"auto","background-attachment":"scroll","background-type":"","background-media":"","overlay-type":"","overlay-color":"","overlay-opacity":"","overlay-gradient":""},"tablet":{"background-color":"var(--ast-global-color-5)","background-image":"","background-repeat":"repeat","background-position":"center center","background-size":"auto","background-attachment":"scroll","background-type":"","background-media":"","overlay-type":"","overlay-color":"","overlay-opacity":"","overlay-gradient":""},"mobile":{"background-color":"var(--ast-global-color-5)","background-image":"","background-repeat":"repeat","background-position":"center center","background-size":"auto","background-attachment":"scroll","background-type":"","background-media":"","overlay-type":"","overlay-color":"","overlay-opacity":"","overlay-gradient":""}},"footnotes":""},"class_list":["post-6715","page","type-page","status-publish","has-post-thumbnail","hentry"],"_links":{"self":[{"href":"https:\/\/ivanabursac.com\/sr\/wp-json\/wp\/v2\/pages\/6715","targetHints":{"allow":["GET"]}}],"collection":[{"href":"https:\/\/ivanabursac.com\/sr\/wp-json\/wp\/v2\/pages"}],"about":[{"href":"https:\/\/ivanabursac.com\/sr\/wp-json\/wp\/v2\/types\/page"}],"author":[{"embeddable":true,"href":"https:\/\/ivanabursac.com\/sr\/wp-json\/wp\/v2\/users\/1"}],"replies":[{"embeddable":true,"href":"https:\/\/ivanabursac.com\/sr\/wp-json\/wp\/v2\/comments?post=6715"}],"version-history":[{"count":25,"href":"https:\/\/ivanabursac.com\/sr\/wp-json\/wp\/v2\/pages\/6715\/revisions"}],"predecessor-version":[{"id":7205,"href":"https:\/\/ivanabursac.com\/sr\/wp-json\/wp\/v2\/pages\/6715\/revisions\/7205"}],"up":[{"embeddable":true,"href":"https:\/\/ivanabursac.com\/sr\/wp-json\/wp\/v2\/pages\/15"}],"wp:featuredmedia":[{"embeddable":true,"href":"https:\/\/ivanabursac.com\/sr\/wp-json\/wp\/v2\/media\/6717"}],"wp:attachment":[{"href":"https:\/\/ivanabursac.com\/sr\/wp-json\/wp\/v2\/media?parent=6715"}],"curies":[{"name":"wp","href":"https:\/\/api.w.org\/{rel}","templated":true}]}}