{"id":9533,"date":"2025-03-13T12:09:53","date_gmt":"2025-03-13T12:09:53","guid":{"rendered":"https:\/\/ivanabursac.com\/?page_id=9533"},"modified":"2025-03-13T12:27:13","modified_gmt":"2025-03-13T12:27:13","slug":"nauci-perfekat-besplatno","status":"publish","type":"page","link":"https:\/\/ivanabursac.com\/sr\/programi\/nauci-perfekat-besplatno\/","title":{"rendered":"Nau\u010di perfekat besplatno"},"content":{"rendered":"<div data-elementor-type=\"wp-page\" data-elementor-id=\"9533\" class=\"elementor elementor-9533\" data-elementor-settings=\"{&quot;ha_cmc_init_switcher&quot;:&quot;no&quot;}\" data-elementor-post-type=\"page\">\n\t\t\t\t\t\t<section class=\"elementor-section elementor-top-section elementor-element elementor-element-ccd8054 elementor-section-boxed elementor-section-height-default elementor-section-height-default\" data-id=\"ccd8054\" data-element_type=\"section\" data-e-type=\"section\" data-settings=\"{&quot;_ha_eqh_enable&quot;:false}\">\n\t\t\t\t\t\t<div class=\"elementor-container elementor-column-gap-default\">\n\t\t\t\t\t<div class=\"elementor-column elementor-col-100 elementor-top-column elementor-element elementor-element-02fc425\" data-id=\"02fc425\" data-element_type=\"column\" data-e-type=\"column\">\n\t\t\t<div class=\"elementor-widget-wrap elementor-element-populated\">\n\t\t\t\t\t\t<div class=\"elementor-element elementor-element-643f074 elementor-widget__width-inherit elementor-widget elementor-widget-image\" data-id=\"643f074\" data-element_type=\"widget\" data-e-type=\"widget\" data-widget_type=\"image.default\">\n\t\t\t\t<div class=\"elementor-widget-container\">\n\t\t\t\t\t\t\t\t\t\t\t\t\t\t\t<img fetchpriority=\"high\" decoding=\"async\" width=\"1280\" height=\"720\" src=\"https:\/\/ivanabursac.com\/wp-content\/uploads\/2025\/03\/Most-Attractive-Youtube-Thumbnail-4.png\" class=\"attachment-2048x2048 size-2048x2048 wp-image-9534\" alt=\"\" srcset=\"https:\/\/ivanabursac.com\/wp-content\/uploads\/2025\/03\/Most-Attractive-Youtube-Thumbnail-4.png 1280w, https:\/\/ivanabursac.com\/wp-content\/uploads\/2025\/03\/Most-Attractive-Youtube-Thumbnail-4-300x169.png 300w, https:\/\/ivanabursac.com\/wp-content\/uploads\/2025\/03\/Most-Attractive-Youtube-Thumbnail-4-1024x576.png 1024w, https:\/\/ivanabursac.com\/wp-content\/uploads\/2025\/03\/Most-Attractive-Youtube-Thumbnail-4-768x432.png 768w, https:\/\/ivanabursac.com\/wp-content\/uploads\/2025\/03\/Most-Attractive-Youtube-Thumbnail-4-18x10.png 18w, https:\/\/ivanabursac.com\/wp-content\/uploads\/2025\/03\/Most-Attractive-Youtube-Thumbnail-4-600x338.png 600w\" sizes=\"(max-width: 1280px) 100vw, 1280px\" \/>\t\t\t\t\t\t\t\t\t\t\t\t\t\t\t<\/div>\n\t\t\t\t<\/div>\n\t\t\t\t\t<\/div>\n\t\t<\/div>\n\t\t\t\t\t<\/div>\n\t\t<\/section>\n\t\t\t\t<section class=\"elementor-section elementor-top-section elementor-element elementor-element-ff492ce elementor-section-boxed elementor-section-height-default elementor-section-height-default\" data-id=\"ff492ce\" data-element_type=\"section\" data-e-type=\"section\" data-settings=\"{&quot;_ha_eqh_enable&quot;:false}\">\n\t\t\t\t\t\t<div class=\"elementor-container elementor-column-gap-default\">\n\t\t\t\t\t<div class=\"elementor-column elementor-col-100 elementor-top-column elementor-element elementor-element-73f6e2a\" data-id=\"73f6e2a\" data-element_type=\"column\" data-e-type=\"column\">\n\t\t\t<div class=\"elementor-widget-wrap elementor-element-populated\">\n\t\t\t\t\t\t<div class=\"elementor-element elementor-element-7943bb0 elementor-align-center elementor-widget elementor-widget-button\" data-id=\"7943bb0\" data-element_type=\"widget\" data-e-type=\"widget\" data-widget_type=\"button.default\">\n\t\t\t\t<div class=\"elementor-widget-container\">\n\t\t\t\t\t\t\t\t\t<div class=\"elementor-button-wrapper\">\n\t\t\t\t\t<a class=\"elementor-button elementor-button-link elementor-size-sm\" href=\"http:\/\/subscribepage.io\/perfekat\" target=\"_blank\" rel=\"noopener\">\n\t\t\t\t\t\t<span class=\"elementor-button-content-wrapper\">\n\t\t\t\t\t\t\t\t\t<span class=\"elementor-button-text\">PREUZMI LEKCIJU OVDE<\/span>\n\t\t\t\t\t<\/span>\n\t\t\t\t\t<\/a>\n\t\t\t\t<\/div>\n\t\t\t\t\t\t\t\t<\/div>\n\t\t\t\t<\/div>\n\t\t\t\t<div class=\"elementor-element elementor-element-e77c18c elementor-widget elementor-widget-text-editor\" data-id=\"e77c18c\" data-element_type=\"widget\" data-e-type=\"widget\" data-widget_type=\"text-editor.default\">\n\t\t\t\t<div class=\"elementor-widget-container\">\n\t\t\t\t\t\t\t\t\t<p class=\"p1\">Pro\u0161lo vreme je jedno od najobimnijih i najte\u017eih lekcija za po\u010detnom nivou. Dosta ljudi nau\u010di i da pri\u010da nema\u010dki, ali i dalje pro\u0161lo vreme upotrebljava pogre\u0161no jer nikad nisu nau\u010dili pravila.<\/p><p class=\"p1\">\u00a0<\/p><p class=\"p1\">Delim sa tobom potpuno besplatno celu lekciju o perfektu i kviz na osnovu kojeg mo\u017ee\u0161 da proveri\u0161 svoje znanje perfekta.<\/p>\t\t\t\t\t\t\t\t<\/div>\n\t\t\t\t<\/div>\n\t\t\t\t\t<\/div>\n\t\t<\/div>\n\t\t\t\t\t<\/div>\n\t\t<\/section>\n\t\t\t\t<section class=\"elementor-section elementor-top-section elementor-element elementor-element-484a650 elementor-section-boxed elementor-section-height-default elementor-section-height-default\" data-id=\"484a650\" data-element_type=\"section\" data-e-type=\"section\" data-settings=\"{&quot;_ha_eqh_enable&quot;:false}\">\n\t\t\t\t\t\t<div class=\"elementor-container elementor-column-gap-default\">\n\t\t\t\t\t<div class=\"elementor-column elementor-col-100 elementor-top-column elementor-element elementor-element-a043341\" data-id=\"a043341\" data-element_type=\"column\" data-e-type=\"column\">\n\t\t\t<div class=\"elementor-widget-wrap elementor-element-populated\">\n\t\t\t\t\t\t<div class=\"elementor-element elementor-element-1155029 elementor-widget elementor-widget-text-editor\" data-id=\"1155029\" data-element_type=\"widget\" data-e-type=\"widget\" data-widget_type=\"text-editor.default\">\n\t\t\t\t<div class=\"elementor-widget-container\">\n\t\t\t\t\t\t\t\t\t<h2 class=\"p1\"><b>\u0160ta \u0107ete nau\u010diti u ovoj lekciji?<\/b><\/h2>\t\t\t\t\t\t\t\t<\/div>\n\t\t\t\t<\/div>\n\t\t\t\t\t<\/div>\n\t\t<\/div>\n\t\t\t\t\t<\/div>\n\t\t<\/section>\n\t\t\t\t<section class=\"elementor-section elementor-top-section elementor-element elementor-element-703010c elementor-section-boxed elementor-section-height-default elementor-section-height-default\" data-id=\"703010c\" data-element_type=\"section\" data-e-type=\"section\" data-settings=\"{&quot;_ha_eqh_enable&quot;:false}\">\n\t\t\t\t\t\t<div class=\"elementor-container elementor-column-gap-default\">\n\t\t\t\t\t<div class=\"elementor-column elementor-col-33 elementor-top-column elementor-element elementor-element-76b995c\" data-id=\"76b995c\" data-element_type=\"column\" data-e-type=\"column\">\n\t\t\t<div class=\"elementor-widget-wrap elementor-element-populated\">\n\t\t\t\t\t\t<div class=\"elementor-element elementor-element-f71b409 elementor-widget elementor-widget-image\" data-id=\"f71b409\" data-element_type=\"widget\" data-e-type=\"widget\" data-widget_type=\"image.default\">\n\t\t\t\t<div class=\"elementor-widget-container\">\n\t\t\t\t\t\t\t\t\t\t\t\t\t\t\t<img decoding=\"async\" width=\"1024\" height=\"1024\" src=\"https:\/\/ivanabursac.com\/wp-content\/uploads\/2025\/02\/25-1024x1024.png\" class=\"attachment-large size-large wp-image-9483\" alt=\"\" srcset=\"https:\/\/ivanabursac.com\/wp-content\/uploads\/2025\/02\/25-1024x1024.png 1024w, https:\/\/ivanabursac.com\/wp-content\/uploads\/2025\/02\/25-300x300.png 300w, https:\/\/ivanabursac.com\/wp-content\/uploads\/2025\/02\/25-150x150.png 150w, https:\/\/ivanabursac.com\/wp-content\/uploads\/2025\/02\/25-768x768.png 768w, https:\/\/ivanabursac.com\/wp-content\/uploads\/2025\/02\/25-12x12.png 12w, https:\/\/ivanabursac.com\/wp-content\/uploads\/2025\/02\/25-600x600.png 600w, https:\/\/ivanabursac.com\/wp-content\/uploads\/2025\/02\/25-100x100.png 100w, https:\/\/ivanabursac.com\/wp-content\/uploads\/2025\/02\/25.png 1080w\" sizes=\"(max-width: 1024px) 100vw, 1024px\" \/>\t\t\t\t\t\t\t\t\t\t\t\t\t\t\t<\/div>\n\t\t\t\t<\/div>\n\t\t\t\t\t<\/div>\n\t\t<\/div>\n\t\t\t\t<div class=\"elementor-column elementor-col-33 elementor-top-column elementor-element elementor-element-660b694\" data-id=\"660b694\" data-element_type=\"column\" data-e-type=\"column\">\n\t\t\t<div class=\"elementor-widget-wrap elementor-element-populated\">\n\t\t\t\t\t\t<div class=\"elementor-element elementor-element-503621f elementor-widget elementor-widget-image\" data-id=\"503621f\" data-element_type=\"widget\" data-e-type=\"widget\" data-widget_type=\"image.default\">\n\t\t\t\t<div class=\"elementor-widget-container\">\n\t\t\t\t\t\t\t\t\t\t\t\t\t\t\t<img decoding=\"async\" width=\"1024\" height=\"1024\" src=\"https:\/\/ivanabursac.com\/wp-content\/uploads\/2025\/02\/23-1024x1024.png\" class=\"attachment-large size-large wp-image-9481\" alt=\"\" srcset=\"https:\/\/ivanabursac.com\/wp-content\/uploads\/2025\/02\/23-1024x1024.png 1024w, https:\/\/ivanabursac.com\/wp-content\/uploads\/2025\/02\/23-300x300.png 300w, https:\/\/ivanabursac.com\/wp-content\/uploads\/2025\/02\/23-150x150.png 150w, https:\/\/ivanabursac.com\/wp-content\/uploads\/2025\/02\/23-768x768.png 768w, https:\/\/ivanabursac.com\/wp-content\/uploads\/2025\/02\/23-12x12.png 12w, https:\/\/ivanabursac.com\/wp-content\/uploads\/2025\/02\/23-600x600.png 600w, https:\/\/ivanabursac.com\/wp-content\/uploads\/2025\/02\/23-100x100.png 100w, https:\/\/ivanabursac.com\/wp-content\/uploads\/2025\/02\/23.png 1080w\" sizes=\"(max-width: 1024px) 100vw, 1024px\" \/>\t\t\t\t\t\t\t\t\t\t\t\t\t\t\t<\/div>\n\t\t\t\t<\/div>\n\t\t\t\t\t<\/div>\n\t\t<\/div>\n\t\t\t\t<div class=\"elementor-column elementor-col-33 elementor-top-column elementor-element elementor-element-70bef40\" data-id=\"70bef40\" data-element_type=\"column\" data-e-type=\"column\">\n\t\t\t<div class=\"elementor-widget-wrap elementor-element-populated\">\n\t\t\t\t\t\t<div class=\"elementor-element elementor-element-a156452 elementor-widget elementor-widget-image\" data-id=\"a156452\" data-element_type=\"widget\" data-e-type=\"widget\" data-widget_type=\"image.default\">\n\t\t\t\t<div class=\"elementor-widget-container\">\n\t\t\t\t\t\t\t\t\t\t\t\t\t\t\t<img loading=\"lazy\" decoding=\"async\" width=\"1024\" height=\"1024\" src=\"https:\/\/ivanabursac.com\/wp-content\/uploads\/2025\/02\/24-1024x1024.png\" class=\"attachment-large size-large wp-image-9482\" alt=\"\" srcset=\"https:\/\/ivanabursac.com\/wp-content\/uploads\/2025\/02\/24-1024x1024.png 1024w, https:\/\/ivanabursac.com\/wp-content\/uploads\/2025\/02\/24-300x300.png 300w, https:\/\/ivanabursac.com\/wp-content\/uploads\/2025\/02\/24-150x150.png 150w, https:\/\/ivanabursac.com\/wp-content\/uploads\/2025\/02\/24-768x768.png 768w, https:\/\/ivanabursac.com\/wp-content\/uploads\/2025\/02\/24-12x12.png 12w, https:\/\/ivanabursac.com\/wp-content\/uploads\/2025\/02\/24-600x600.png 600w, https:\/\/ivanabursac.com\/wp-content\/uploads\/2025\/02\/24-100x100.png 100w, https:\/\/ivanabursac.com\/wp-content\/uploads\/2025\/02\/24.png 1080w\" sizes=\"(max-width: 1024px) 100vw, 1024px\" \/>\t\t\t\t\t\t\t\t\t\t\t\t\t\t\t<\/div>\n\t\t\t\t<\/div>\n\t\t\t\t\t<\/div>\n\t\t<\/div>\n\t\t\t\t\t<\/div>\n\t\t<\/section>\n\t\t\t\t<section class=\"elementor-section elementor-top-section elementor-element elementor-element-bd0080d elementor-section-boxed elementor-section-height-default elementor-section-height-default\" data-id=\"bd0080d\" data-element_type=\"section\" data-e-type=\"section\" data-settings=\"{&quot;_ha_eqh_enable&quot;:false}\">\n\t\t\t\t\t\t<div class=\"elementor-container elementor-column-gap-default\">\n\t\t\t\t\t<div class=\"elementor-column elementor-col-33 elementor-top-column elementor-element elementor-element-3d6084d\" data-id=\"3d6084d\" data-element_type=\"column\" data-e-type=\"column\">\n\t\t\t<div class=\"elementor-widget-wrap elementor-element-populated\">\n\t\t\t\t\t\t<div class=\"elementor-element elementor-element-31af5ec elementor-widget elementor-widget-text-editor\" data-id=\"31af5ec\" data-element_type=\"widget\" data-e-type=\"widget\" data-widget_type=\"text-editor.default\">\n\t\t\t\t<div class=\"elementor-widget-container\">\n\t\t\t\t\t\t\t\t\t<p><span style=\"font-style: inherit; background-color: var(--ast-global-color-5); color: var(--ast-global-color-3);\"><b>Pro\u0161lo vreme &#8211; Perfekat<\/b><\/span><\/p><p><span style=\"font-style: inherit; font-weight: inherit; background-color: var(--ast-global-color-5); color: var(--ast-global-color-3);\">Nau\u010di\u0107ete sva pravila vezana za pro\u0161lo vreme i bi\u0107ete u stanju da ka\u017eete bilo koji glagol u pro\u0161losti.<\/span><\/p><p><b>\u00a0<\/b><\/p>\t\t\t\t\t\t\t\t<\/div>\n\t\t\t\t<\/div>\n\t\t\t\t\t<\/div>\n\t\t<\/div>\n\t\t\t\t<div class=\"elementor-column elementor-col-33 elementor-top-column elementor-element elementor-element-ae24886\" data-id=\"ae24886\" data-element_type=\"column\" data-e-type=\"column\">\n\t\t\t<div class=\"elementor-widget-wrap elementor-element-populated\">\n\t\t\t\t\t\t<div class=\"elementor-element elementor-element-b52d582 elementor-widget elementor-widget-text-editor\" data-id=\"b52d582\" data-element_type=\"widget\" data-e-type=\"widget\" data-widget_type=\"text-editor.default\">\n\t\t\t\t<div class=\"elementor-widget-container\">\n\t\t\t\t\t\t\t\t\t<p><span style=\"font-style: inherit; background-color: var(--ast-global-color-5); color: var(--ast-global-color-3);\"><b>Kviz<\/b><\/span><\/p><p><span style=\"font-style: inherit; font-weight: inherit; background-color: var(--ast-global-color-5); color: var(--ast-global-color-3);\">Prvi deo je kviz pomo\u0107u kojeg \u0107ete odrediti svoje trenutno znanje perfekta, a mo\u017eete da ga uradite i nakon odslu\u0161ane lekcije ponovo.<\/span><\/p>\t\t\t\t\t\t\t\t<\/div>\n\t\t\t\t<\/div>\n\t\t\t\t\t<\/div>\n\t\t<\/div>\n\t\t\t\t<div class=\"elementor-column elementor-col-33 elementor-top-column elementor-element elementor-element-584b739\" data-id=\"584b739\" data-element_type=\"column\" data-e-type=\"column\">\n\t\t\t<div class=\"elementor-widget-wrap elementor-element-populated\">\n\t\t\t\t\t\t<div class=\"elementor-element elementor-element-49063d6 elementor-widget elementor-widget-text-editor\" data-id=\"49063d6\" data-element_type=\"widget\" data-e-type=\"widget\" data-widget_type=\"text-editor.default\">\n\t\t\t\t<div class=\"elementor-widget-container\">\n\t\t\t\t\t\t\t\t\t<p class=\"p1\"><span style=\"font-style: inherit; background-color: var(--ast-global-color-5); color: var(--ast-global-color-3);\"><b>Prakti\u010dno znanje<\/b><\/span><\/p><p class=\"p1\"><span style=\"font-style: inherit; font-weight: inherit; background-color: var(--ast-global-color-5); color: var(--ast-global-color-3);\">Nau\u010di kako da koristi\u0161 ono \u0161to u\u010di\u0161, da ne ostane samo na papiru ili u nekoj fioci u glavi. U\u010dim te preko moje metode.<\/span><\/p>\t\t\t\t\t\t\t\t<\/div>\n\t\t\t\t<\/div>\n\t\t\t\t\t<\/div>\n\t\t<\/div>\n\t\t\t\t\t<\/div>\n\t\t<\/section>\n\t\t\t\t<section class=\"elementor-section elementor-top-section elementor-element elementor-element-e1b43d5 elementor-section-boxed elementor-section-height-default elementor-section-height-default\" data-id=\"e1b43d5\" data-element_type=\"section\" data-e-type=\"section\" data-settings=\"{&quot;_ha_eqh_enable&quot;:false}\">\n\t\t\t\t\t\t<div class=\"elementor-container elementor-column-gap-default\">\n\t\t\t\t\t<div class=\"elementor-column elementor-col-100 elementor-top-column elementor-element elementor-element-9ce8465\" data-id=\"9ce8465\" data-element_type=\"column\" data-e-type=\"column\">\n\t\t\t<div class=\"elementor-widget-wrap elementor-element-populated\">\n\t\t\t\t\t\t<div class=\"elementor-element elementor-element-16129da elementor-widget-divider--view-line elementor-widget elementor-widget-divider\" data-id=\"16129da\" data-element_type=\"widget\" data-e-type=\"widget\" data-widget_type=\"divider.default\">\n\t\t\t\t<div class=\"elementor-widget-container\">\n\t\t\t\t\t\t\t<div class=\"elementor-divider\">\n\t\t\t<span class=\"elementor-divider-separator\">\n\t\t\t\t\t\t<\/span>\n\t\t<\/div>\n\t\t\t\t\t\t<\/div>\n\t\t\t\t<\/div>\n\t\t\t\t\t<\/div>\n\t\t<\/div>\n\t\t\t\t\t<\/div>\n\t\t<\/section>\n\t\t\t\t<section class=\"elementor-section elementor-top-section elementor-element elementor-element-783ba0c elementor-section-boxed elementor-section-height-default elementor-section-height-default\" data-id=\"783ba0c\" data-element_type=\"section\" data-e-type=\"section\" data-settings=\"{&quot;_ha_eqh_enable&quot;:false}\">\n\t\t\t\t\t\t<div class=\"elementor-container elementor-column-gap-default\">\n\t\t\t\t\t<div class=\"elementor-column elementor-col-50 elementor-top-column elementor-element elementor-element-2763855\" data-id=\"2763855\" data-element_type=\"column\" data-e-type=\"column\">\n\t\t\t<div class=\"elementor-widget-wrap elementor-element-populated\">\n\t\t\t\t\t\t<div class=\"elementor-element elementor-element-539fca6 elementor-widget elementor-widget-text-editor\" data-id=\"539fca6\" data-element_type=\"widget\" data-e-type=\"widget\" data-widget_type=\"text-editor.default\">\n\t\t\t\t<div class=\"elementor-widget-container\">\n\t\t\t\t\t\t\t\t\t<h3 class=\"p1\"><b>Za\u0161to ti je potreban perfekat?<\/b><\/h3><h3 class=\"p1\"><b style=\"font-size: 20px; font-style: inherit; background-color: var(--ast-global-color-5); color: var(--ast-global-color-3); font-family: Roboto, sans-serif;\">Jednostavno je &#8211; da bi pri\u010dali o pro\u0161losti, Nemci u govoru koriste perfekat. A pri\u010damo o pro\u0161losti svakog dana. Ako \u017eeli\u0161 da pri\u010da\u0161 pravilno i da ti neko objasni sva pravila za samo 60 minuta, ovo je idealna prilika.<\/b><\/h3>\t\t\t\t\t\t\t\t<\/div>\n\t\t\t\t<\/div>\n\t\t\t\t\t<\/div>\n\t\t<\/div>\n\t\t\t\t<div class=\"elementor-column elementor-col-50 elementor-top-column elementor-element elementor-element-54aea45\" data-id=\"54aea45\" data-element_type=\"column\" data-e-type=\"column\">\n\t\t\t<div class=\"elementor-widget-wrap elementor-element-populated\">\n\t\t\t\t\t\t<div class=\"elementor-element elementor-element-a869f8f elementor-widget elementor-widget-image\" data-id=\"a869f8f\" data-element_type=\"widget\" data-e-type=\"widget\" data-widget_type=\"image.default\">\n\t\t\t\t<div class=\"elementor-widget-container\">\n\t\t\t\t\t\t\t\t\t\t\t\t\t\t\t<img loading=\"lazy\" decoding=\"async\" width=\"500\" height=\"500\" src=\"https:\/\/ivanabursac.com\/wp-content\/uploads\/2024\/10\/Untitled-design-12.png\" class=\"attachment-large size-large wp-image-6721\" alt=\"\" srcset=\"https:\/\/ivanabursac.com\/wp-content\/uploads\/2024\/10\/Untitled-design-12.png 500w, https:\/\/ivanabursac.com\/wp-content\/uploads\/2024\/10\/Untitled-design-12-300x300.png 300w, https:\/\/ivanabursac.com\/wp-content\/uploads\/2024\/10\/Untitled-design-12-150x150.png 150w, https:\/\/ivanabursac.com\/wp-content\/uploads\/2024\/10\/Untitled-design-12-12x12.png 12w, https:\/\/ivanabursac.com\/wp-content\/uploads\/2024\/10\/Untitled-design-12-100x100.png 100w\" sizes=\"(max-width: 500px) 100vw, 500px\" \/>\t\t\t\t\t\t\t\t\t\t\t\t\t\t\t<\/div>\n\t\t\t\t<\/div>\n\t\t\t\t\t<\/div>\n\t\t<\/div>\n\t\t\t\t\t<\/div>\n\t\t<\/section>\n\t\t\t\t<section class=\"elementor-section elementor-top-section elementor-element elementor-element-3a9e0b3 elementor-section-boxed elementor-section-height-default elementor-section-height-default\" data-id=\"3a9e0b3\" data-element_type=\"section\" data-e-type=\"section\" data-settings=\"{&quot;_ha_eqh_enable&quot;:false}\">\n\t\t\t\t\t\t<div class=\"elementor-container elementor-column-gap-default\">\n\t\t\t\t\t<div class=\"elementor-column elementor-col-100 elementor-top-column elementor-element elementor-element-e84e97c\" data-id=\"e84e97c\" data-element_type=\"column\" data-e-type=\"column\">\n\t\t\t<div class=\"elementor-widget-wrap elementor-element-populated\">\n\t\t\t\t\t\t<div class=\"elementor-element elementor-element-e900231 elementor-widget elementor-widget-text-editor\" data-id=\"e900231\" data-element_type=\"widget\" data-e-type=\"widget\" data-widget_type=\"text-editor.default\">\n\t\t\t\t<div class=\"elementor-widget-container\">\n\t\t\t\t\t\t\t\t\t<p class=\"p1\"><b>Da biste dobili besplatan kviz sa lekcijom, samo se prijavite!<\/b><\/p><p class=\"p2\">Popunite svoj email kako biste odmah dobili <b>besplatan vodi\u010d<\/b> na svoju email adresu na slede\u0107oj stranici:<\/p>\t\t\t\t\t\t\t\t<\/div>\n\t\t\t\t<\/div>\n\t\t\t\t\t<\/div>\n\t\t<\/div>\n\t\t\t\t\t<\/div>\n\t\t<\/section>\n\t\t<div class=\"elementor-element elementor-element-4c8c940 e-flex e-con-boxed e-con e-parent\" data-id=\"4c8c940\" data-element_type=\"container\" data-e-type=\"container\" data-settings=\"{&quot;_ha_eqh_enable&quot;:false}\">\n\t\t\t\t\t<div class=\"e-con-inner\">\n\t\t\t\t<div class=\"elementor-element elementor-element-d0482f3 elementor-align-center elementor-widget elementor-widget-button\" data-id=\"d0482f3\" data-element_type=\"widget\" data-e-type=\"widget\" data-widget_type=\"button.default\">\n\t\t\t\t<div class=\"elementor-widget-container\">\n\t\t\t\t\t\t\t\t\t<div class=\"elementor-button-wrapper\">\n\t\t\t\t\t<a class=\"elementor-button elementor-button-link elementor-size-sm\" href=\"http:\/\/subscribepage.io\/perfekat\" target=\"_blank\" rel=\"noopener\">\n\t\t\t\t\t\t<span class=\"elementor-button-content-wrapper\">\n\t\t\t\t\t\t\t\t\t<span class=\"elementor-button-text\">KLIKNI OVDE<\/span>\n\t\t\t\t\t<\/span>\n\t\t\t\t\t<\/a>\n\t\t\t\t<\/div>\n\t\t\t\t\t\t\t\t<\/div>\n\t\t\t\t<\/div>\n\t\t\t\t\t<\/div>\n\t\t\t\t<\/div>\n\t\t\t\t<\/div>","protected":false},"excerpt":{"rendered":"<p>PREUZMI LEKCIJU OVDE Pro\u0161lo vreme je jedno od najobimnijih i najte\u017eih lekcija za po\u010detnom nivou. Dosta ljudi nau\u010di i da pri\u010da nema\u010dki, ali i dalje pro\u0161lo vreme upotrebljava pogre\u0161no jer nikad nisu nau\u010dili pravila. \u00a0 Delim sa tobom potpuno besplatno celu lekciju o perfektu i kviz na osnovu kojeg mo\u017ee\u0161 da proveri\u0161 svoje znanje perfekta. [&hellip;]<\/p>\n","protected":false},"author":1,"featured_media":9534,"parent":15,"menu_order":0,"comment_status":"closed","ping_status":"closed","template":"","meta":{"site-sidebar-layout":"no-sidebar","site-content-layout":"page-builder","ast-site-content-layout":"full-width-container","site-content-style":"default","site-sidebar-style":"default","ast-global-header-display":"","ast-banner-title-visibility":"","ast-main-header-display":"","ast-hfb-above-header-display":"","ast-hfb-below-header-display":"","ast-hfb-mobile-header-display":"","site-post-title":"disabled","ast-breadcrumbs-content":"","ast-featured-img":"disabled","footer-sml-layout":"","ast-disable-related-posts":"","theme-transparent-header-meta":"","adv-header-id-meta":"","stick-header-meta":"","header-above-stick-meta":"","header-main-stick-meta":"","header-below-stick-meta":"","astra-migrate-meta-layouts":"set","ast-page-background-enabled":"default","ast-page-background-meta":{"desktop":{"background-color":"var(--ast-global-color-4)","background-image":"","background-repeat":"repeat","background-position":"center center","background-size":"auto","background-attachment":"scroll","background-type":"","background-media":"","overlay-type":"","overlay-color":"","overlay-opacity":"","overlay-gradient":""},"tablet":{"background-color":"","background-image":"","background-repeat":"repeat","background-position":"center center","background-size":"auto","background-attachment":"scroll","background-type":"","background-media":"","overlay-type":"","overlay-color":"","overlay-opacity":"","overlay-gradient":""},"mobile":{"background-color":"","background-image":"","background-repeat":"repeat","background-position":"center center","background-size":"auto","background-attachment":"scroll","background-type":"","background-media":"","overlay-type":"","overlay-color":"","overlay-opacity":"","overlay-gradient":""}},"ast-content-background-meta":{"desktop":{"background-color":"var(--ast-global-color-5)","background-image":"","background-repeat":"repeat","background-position":"center center","background-size":"auto","background-attachment":"scroll","background-type":"","background-media":"","overlay-type":"","overlay-color":"","overlay-opacity":"","overlay-gradient":""},"tablet":{"background-color":"var(--ast-global-color-5)","background-image":"","background-repeat":"repeat","background-position":"center center","background-size":"auto","background-attachment":"scroll","background-type":"","background-media":"","overlay-type":"","overlay-color":"","overlay-opacity":"","overlay-gradient":""},"mobile":{"background-color":"var(--ast-global-color-5)","background-image":"","background-repeat":"repeat","background-position":"center center","background-size":"auto","background-attachment":"scroll","background-type":"","background-media":"","overlay-type":"","overlay-color":"","overlay-opacity":"","overlay-gradient":""}},"footnotes":""},"class_list":["post-9533","page","type-page","status-publish","has-post-thumbnail","hentry"],"_links":{"self":[{"href":"https:\/\/ivanabursac.com\/sr\/wp-json\/wp\/v2\/pages\/9533","targetHints":{"allow":["GET"]}}],"collection":[{"href":"https:\/\/ivanabursac.com\/sr\/wp-json\/wp\/v2\/pages"}],"about":[{"href":"https:\/\/ivanabursac.com\/sr\/wp-json\/wp\/v2\/types\/page"}],"author":[{"embeddable":true,"href":"https:\/\/ivanabursac.com\/sr\/wp-json\/wp\/v2\/users\/1"}],"replies":[{"embeddable":true,"href":"https:\/\/ivanabursac.com\/sr\/wp-json\/wp\/v2\/comments?post=9533"}],"version-history":[{"count":7,"href":"https:\/\/ivanabursac.com\/sr\/wp-json\/wp\/v2\/pages\/9533\/revisions"}],"predecessor-version":[{"id":9542,"href":"https:\/\/ivanabursac.com\/sr\/wp-json\/wp\/v2\/pages\/9533\/revisions\/9542"}],"up":[{"embeddable":true,"href":"https:\/\/ivanabursac.com\/sr\/wp-json\/wp\/v2\/pages\/15"}],"wp:featuredmedia":[{"embeddable":true,"href":"https:\/\/ivanabursac.com\/sr\/wp-json\/wp\/v2\/media\/9534"}],"wp:attachment":[{"href":"https:\/\/ivanabursac.com\/sr\/wp-json\/wp\/v2\/media?parent=9533"}],"curies":[{"name":"wp","href":"https:\/\/api.w.org\/{rel}","templated":true}]}}